{"id":15848,"date":"2016-12-15T15:47:10","date_gmt":"2016-12-15T15:47:10","guid":{"rendered":"https:\/\/chord.co.uk\/product\/signature-super-aray-streaming-cable\/"},"modified":"2019-10-17T09:18:55","modified_gmt":"2019-10-17T08:18:55","slug":"signature-super-aray-streaming-cable","status":"publish","type":"product","link":"https:\/\/chord.co.uk\/pl\/produkt\/signature-super-aray-streaming-cable\/","title":{"rendered":"Signature Super ARAY &#8211; kabel LAN"},"content":{"rendered":"<p>Kabel LAN Super ARAY jest bezpo\u015brednim rozwini\u0119ciem kabla Epic Streaming. Zastosowano w nim ten sam, precyzyjny wtyk RJ45 (poz\u0142acane styki i lutowane przewodniki), a tak\u017ce wyj\u0105tkow\u0105 izolacj\u0119 z wytrzyma\u0142ym mechanicznie p\u0142aszczem zewn\u0119trznym. Zobacz jednak, co si\u0119 stanie, gdy u\u017cyjemy posrebrzane przewodniki o wi\u0119kszej \u015brednicy. Zmienione zosta\u0142y r\u00f3wnie\u017c odst\u0119py mi\u0119dzy przewodami i zastosowali\u015bmy bardziej skuteczny system ekranowania. Inn\u0105 du\u017c\u0105 zmian\u0105 jest przej\u015bcie z geometrii przewodu Tuned na Super ARAY \u2013 opracowanej specjalnie do strumieniowego przesy\u0142ania sygna\u0142u.<\/p>\n<p>Problem z przesy\u0142aniem strumieniowym sygna\u0142u audio cz\u0119sto polega na d\u0142ugo\u015bci i liczbie kabli u\u017cytych w systemie. Pod\u0142\u0105czenie dysk\u00f3w NAS w klasyczny spos\u00f3b nie zawsze jest mo\u017cliwe, dlatego sygna\u0142 Ethernet jest czasem przesy\u0142any przez lini\u0119 zasilaj\u0105c\u0105 AC!<\/p>\n<p>Zmiana geometrii przewodnik\u00f3w Tuned\/Super ARAY by\u0142a wynikiem potrzeby zminimalizowania szumu \u00a0wysokiej cz\u0119stotliwo\u015bci. D\u0142ugie biegi nieekranowanego kabla Ethernet (a jeszcze gorzej, je\u015bli sygna\u0142 Ethernet przesy\u0142any jest przez sie\u0107 zasilaj\u0105c\u0105) oznaczaj\u0105, \u017ce zak\u0142\u00f3cenia o wysokiej cz\u0119stotliwo\u015bci b\u0119d\u0105 mia\u0142y wp\u0142yw nie tylko na u\u017cywany przez Ciebie streamer, ale wp\u0142yn\u0105 na ca\u0142y system audio. Pod\u0142\u0105czenie kabla LAN Signature Super ARAY do streamera mo\u017ce znacznie poprawi\u0107 jako\u015b\u0107 d\u017awi\u0119ku. Bez problemu us\u0142yszymy lepsze otwarcie g\u00f3ry pasma, lepsz\u0105 definicji i wi\u0119cej szczeg\u00f3\u0142\u00f3w, ale wyj\u0105tkowy jest wzrost sp\u00f3jno\u015bci d\u017awi\u0119ku. Um\u00f3w si\u0119 ze sprzedawc\u0105 firmy Chord Company i wypo\u017cycz taki kabel do swojego systemu.<\/p>\n<p>Standardowa d\u0142ugo\u015b\u0107: 1 m. Niestandardowe d\u0142ugo\u015bci dost\u0119pne na zam\u00f3wienie.<\/p>\n","protected":false},"excerpt":{"rendered":"<p>Je\u015bli korzystasz z Tidala lub zainwestowa\u0142e\u015b czas w zgrywanie swojej kolekcji muzycznej, spr\u00f3buj u\u017cy\u0107 tego kabla mi\u0119dzy switchem a streamerem. To nie jest zwyk\u0142y kabel Ethernet, a r\u0119cznie montowany interkonekt wykorzystuj\u0105cy geometri\u0119 Super ARAY, zbudowany w taki spos\u00f3b, aby odtwarzana muzyka brzmia\u0142a lepiej ni\u017c kiedykolwiek wcze\u015bniej.<\/p>\n","protected":false},"featured_media":14423,"comment_status":"open","ping_status":"closed","template":"","meta":{"_acf_changed":false},"product_brand":[],"product_cat":[2328,2334,2344],"product_tag":[],"class_list":{"0":"post-15848","1":"product","2":"type-product","3":"status-publish","4":"has-post-thumbnail","6":"product_cat-interkonekty","7":"product_cat-kable-cyfrowe-i-usb","8":"product_cat-signature-pl","10":"first","11":"instock","12":"shipping-taxable","13":"purchasable","14":"product-type-simple"},"acf":[],"_links":{"self":[{"href":"https:\/\/chord.co.uk\/pl\/wp-json\/wp\/v2\/product\/15848","targetHints":{"allow":["GET"]}}],"collection":[{"href":"https:\/\/chord.co.uk\/pl\/wp-json\/wp\/v2\/product"}],"about":[{"href":"https:\/\/chord.co.uk\/pl\/wp-json\/wp\/v2\/types\/product"}],"replies":[{"embeddable":true,"href":"https:\/\/chord.co.uk\/pl\/wp-json\/wp\/v2\/comments?post=15848"}],"wp:featuredmedia":[{"embeddable":true,"href":"https:\/\/chord.co.uk\/pl\/wp-json\/wp\/v2\/media\/14423"}],"wp:attachment":[{"href":"https:\/\/chord.co.uk\/pl\/wp-json\/wp\/v2\/media?parent=15848"}],"wp:term":[{"taxonomy":"product_brand","embeddable":true,"href":"https:\/\/chord.co.uk\/pl\/wp-json\/wp\/v2\/product_brand?post=15848"},{"taxonomy":"product_cat","embeddable":true,"href":"https:\/\/chord.co.uk\/pl\/wp-json\/wp\/v2\/product_cat?post=15848"},{"taxonomy":"product_tag","embeddable":true,"href":"https:\/\/chord.co.uk\/pl\/wp-json\/wp\/v2\/product_tag?post=15848"}],"curies":[{"name":"wp","href":"https:\/\/api.w.org\/{rel}","templated":true}]}}