{"id":15849,"date":"2016-12-15T15:44:15","date_gmt":"2016-12-15T15:44:15","guid":{"rendered":"https:\/\/chord.co.uk\/product\/signature-tuned-aray-usb\/"},"modified":"2019-10-17T10:10:20","modified_gmt":"2019-10-17T09:10:20","slug":"signature-tuned-aray-usb","status":"publish","type":"product","link":"https:\/\/chord.co.uk\/pl\/produkt\/signature-tuned-aray-usb\/","title":{"rendered":"Signature Super ARAY USB"},"content":{"rendered":"<p>Nasze pierwsze przedsi\u0119wzi\u0119cie zwi\u0105zane z kablami USB by\u0142o konsekwencj\u0105 pracy muzyk\u00f3w (w tym niekt\u00f3rych graj\u0105cych w zespo\u0142ach) pracuj\u0105cych w Chord Company. Po skopiowaniu nagrania g\u0142\u00f3wnego CD na laptop, byli\u015bmy zszokowani nisk\u0105 jako\u015bci\u0105 nagranych kopii w por\u00f3wnaniu z sygna\u0142em master.<\/p>\n<p>W tym czasie korzystali\u015bmy z jednego z pierwszych DAC-\u00f3w z wej\u015bciem USB, wi\u0119c puszczali\u015bmy master z laptopa. Nadal nie by\u0142 on zbyt dobry, ale by\u0142 lepszy ni\u017c wypalona wersja CD. Po zastosowaniu lepszych program\u00f3w do zgrywania i odtwarzania uda\u0142o si\u0119 nam uzyska\u0107 o wiele lepsze brzmienie nagranej p\u0142yty CD.<\/p>\n<p>Chocia\u017c byli\u015bmy zadowoleni, \u017ce mogli\u015bmy wyprodukowa\u0107 ca\u0142kiem przyzwoit\u0105 kopi\u0119 CD z oryginalnego mastera, sygna\u0142 master (wys\u0142any z laptopa do przetwornika DAC przez wej\u015bcie USB) brzmia\u0142 wyra\u017anie gorzej ni\u017c sygna\u0142 z kopii CD wys\u0142any do tego samego przetwornika. Skupili\u015bmy si\u0119 wi\u0119c na badaniu budowy kabla USB pomi\u0119dzy laptopem a przetwornikiem cyfrowo-analogowym.<\/p>\n<p>Po wys\u0142uchaniu wybranych (i r\u00f3\u017cnej jako\u015bci) kabli USB zdali\u015bmy sobie spraw\u0119, \u017ce jest to obszar, kt\u00f3ry warto zbada\u0107. W rezultacie powsta\u0142 Chord USB SilverPlus, wprowadzony na rynek we wrze\u015bniu 2011 r., z posrebrzanymi przewodnikami i skutecznym ekranowaniem. W kwietniu 2013 roku pojawi\u0142 si\u0119 Chord Signature USB i do tej pory pozosta\u0142 praktycznie niezmieniony (stan na sierpie\u0144 2018).<\/p>\n<p>Wci\u0105\u017c ro\u015bnie liczba wysokiej jako\u015bci przetwornik\u00f3w DAC z wej\u015bciami USB, dost\u0119pne s\u0105 r\u00f3wnie\u017c wysokiej jako\u015bci streamery (serwery muzyczne) z wyj\u015bciami USB. Sk\u0142oni\u0142o to nas do zmiany i poprawy oryginalnego projektu Signature USB.<\/p>\n<p>Oryginalny Signature USB zbudowany by\u0142 z czterech, osobno ekranowanych przewodnik\u00f3w. Zwi\u0119kszyli\u015bmy przekr\u00f3j posrebrzanych przewod\u00f3w miedzianych i zmienili\u015bmy izolacj\u0119 na kompozyt PE\/LDPE\/PE. Uziemienie jest dodatkowo chronione przed szumem o wysokiej cz\u0119stotliwo\u015bci za pomoc\u0105 w\u0142asnej warstwy ekranu. Technologia ARAY zosta\u0142a zmieniona z Tuned ARAY na Super ARAY, specjalnie dla tego projektu. Wprowadzili\u015bmy udoskonalenia zar\u00f3wno do wtyczek USB A, jak i B. Wszystkie po\u0142\u0105czenia s\u0105 lutowane, a wtyczki USB s\u0105 posrebrzane w Wielkiej Brytanii zgodnie z nasz\u0105 specyfikacj\u0105. Uwa\u017camy, \u017ce wszystkie te zmiany przyczyni\u0142y si\u0119 do skokowej poprawy d\u017awi\u0119ku. To bardziej z\u0142o\u017cony (a wi\u0119c d\u0142u\u017cszy) projekt, wi\u0119c chocia\u017c cena, w stosunku do oryginalnego Signature USB, wzros\u0142a wydaje nam si\u0119, \u017ce uzasadnia ona w\u0142o\u017cony w to przedsi\u0119wzi\u0119cie wysi\u0142ek.<\/p>\n<p>Na rynku nie ma zbyt wiele dobrych urz\u0105dze\u0144 do s\u0142u\u017c\u0105cych do strumieniowej transmisji muzyki, ale dla nich wszystkich nowy Signature Super ARAY USB to oczywisty wyb\u00f3r. Warto r\u00f3wnie\u017c wypr\u00f3bowa\u0107 po\u0142\u0105czenie mi\u0119dzy komputerem a przetwornikiem cyfrowo-analogowym, szczeg\u00f3lnie je\u015bli jest masz na nim, sensownie zgran\u0105, kolekcj\u0119 p\u0142yt CD, pliki hi-res lub jest u\u017cywany do przesy\u0142ania strumieniowego muzyki w wysokiej rozdzielczo\u015bci, takiej jak Tidal Master.<\/p>\n<p>Nie polecamy u\u017cywania adapter\u00f3w Micro USB z \u017cadnym z naszych kabli USB (je\u015bli mo\u017cesz tego unikn\u0105\u0107). Mimo to, je\u015bli nie ma innej mo\u017cliwo\u015bci i u\u017cywasz naprawd\u0119 dobrego przetwornika cyfrowo-analogowego z wej\u015bciem micro USB, warto przes\u0142ucha\u0107 dobry kabel USB z adapterem.<\/p>\n<p><strong>Specyfikacja techniczna:<\/strong><\/p>\n<p>Przewodniki Super ARAY, rewolucyjny spos\u00f3b konstruowania interkonekt\u00f3w audio, kt\u00f3ry zapewnia nowy poziom jako\u015bci d\u017awi\u0119ku, szczeg\u00f3\u0142owo\u015bci i zaanga\u017cowania.<\/p>\n<p>Precyzyjnie posrebrzane miedziane przewodniki.<\/p>\n<p>Oddzielnie ekranowane przewody danych i zasilania.<\/p>\n<p>Tr\u00f3jwarstwowa izolacja kompozytowa PE\/LDPE\/PE.<\/p>\n<p>Niestandardowa konfiguracja przewod\u00f3w Super ARAY firmy Chord Company.<\/p>\n<p>Precyzyjna dwuwarstwowa folia ekranuj\u0105ca o g\u0119stym pokryciu, dzia\u0142aj\u0105ca na bardzo wysokie cz\u0119stotliwo\u015bci.<\/p>\n<p>P\u0142aszcz zewn\u0119trzny z PVC minimalizuje degradacj\u0119 sygna\u0142u spowodowan\u0105 szumem mechanicznym.<\/p>\n<p>Niestandardowe, posrebrzane wtyczki USB.<\/p>\n<p>Dost\u0119pne s\u0105 niestandardowe d\u0142ugo\u015bci i zako\u0144czenia.<\/p>\n","protected":false},"excerpt":{"rendered":"<p>Z laptopem zorientowanym na muzyk\u0119 i przetwornikiem cyfrowo-analogowym USB ten kabel b\u0119dzie wa\u017cn\u0105 cz\u0119\u015b\u0107 alternatywnego \u017ar\u00f3d\u0142a muzyki. Zosta\u0142 zaprojektowany i zbudowany w celu precyzyjnego przesy\u0142ania sygna\u0142u cyfrowego mi\u0119dzy laptopem a przetwornikiem cyfrowo-analogowym.<\/p>\n","protected":false},"featured_media":15411,"comment_status":"open","ping_status":"closed","template":"","meta":{"_acf_changed":false},"product_brand":[],"product_cat":[2328,2334,2344],"product_tag":[2347,2361,2362,2363,2364],"class_list":{"0":"post-15849","1":"product","2":"type-product","3":"status-publish","4":"has-post-thumbnail","6":"product_cat-interkonekty","7":"product_cat-kable-cyfrowe-i-usb","8":"product_cat-signature-pl","9":"product_tag-chord-company-pl","10":"product_tag-signature-pl","11":"product_tag-super-aray-pl","12":"product_tag-usb-pl","13":"product_tag-usb-cable-pl","15":"first","16":"instock","17":"shipping-taxable","18":"purchasable","19":"product-type-simple"},"acf":[],"_links":{"self":[{"href":"https:\/\/chord.co.uk\/pl\/wp-json\/wp\/v2\/product\/15849","targetHints":{"allow":["GET"]}}],"collection":[{"href":"https:\/\/chord.co.uk\/pl\/wp-json\/wp\/v2\/product"}],"about":[{"href":"https:\/\/chord.co.uk\/pl\/wp-json\/wp\/v2\/types\/product"}],"replies":[{"embeddable":true,"href":"https:\/\/chord.co.uk\/pl\/wp-json\/wp\/v2\/comments?post=15849"}],"wp:featuredmedia":[{"embeddable":true,"href":"https:\/\/chord.co.uk\/pl\/wp-json\/wp\/v2\/media\/15411"}],"wp:attachment":[{"href":"https:\/\/chord.co.uk\/pl\/wp-json\/wp\/v2\/media?parent=15849"}],"wp:term":[{"taxonomy":"product_brand","embeddable":true,"href":"https:\/\/chord.co.uk\/pl\/wp-json\/wp\/v2\/product_brand?post=15849"},{"taxonomy":"product_cat","embeddable":true,"href":"https:\/\/chord.co.uk\/pl\/wp-json\/wp\/v2\/product_cat?post=15849"},{"taxonomy":"product_tag","embeddable":true,"href":"https:\/\/chord.co.uk\/pl\/wp-json\/wp\/v2\/product_tag?post=15849"}],"curies":[{"name":"wp","href":"https:\/\/api.w.org\/{rel}","templated":true}]}}