{"id":15850,"date":"2016-12-15T15:38:11","date_gmt":"2016-12-15T15:38:11","guid":{"rendered":"https:\/\/chord.co.uk\/product\/signature-digital-super-aray\/"},"modified":"2019-10-17T10:20:28","modified_gmt":"2019-10-17T09:20:28","slug":"signature-digital-super-aray","status":"publish","type":"product","link":"https:\/\/chord.co.uk\/pl\/produkt\/signature-digital-super-aray\/","title":{"rendered":"Signature Super ARAY Digital"},"content":{"rendered":"<p>Je\u015bli posiadasz \u015bredniej jako\u015bci przetwornik D\/A nowej generacji, w\u00f3wczas Signature Digital b\u0119dzie bardzo dobrym kablem do wypr\u00f3bowania. Signature Super ARAY Digital korzysta z tej samej geometrii Super ARAY, co Sarum T i nasze flagowe kable cyfrowe ChordMusic. Zast\u0119puje on poprzedni kabel Signature Tuned ARAY.<\/p>\n<p>Wiele \u017ar\u00f3de\u0142 cyfrowych i przetwornik\u00f3w cyfrowo-analogowych ze \u015bredniego przedzia\u0142u cenowego graj\u0105 w spos\u00f3b, kt\u00f3ry jeszcze kilka lat temu by\u0142 trudny do osi\u0105gni\u0119cia, nawet w systemach z g\u00f3rnej p\u00f3\u0142ki cenowej. Konfiguracja przewodnik\u00f3w Super ARAY pozwoli Ci us\u0142ysze\u0107, jak muzykalnie mog\u0105 zabrzmie\u0107, a tak\u017ce ujawni niezwyk\u0142y poziom szczeg\u00f3\u0142owo\u015bci, do kt\u00f3rego s\u0105 zdolne.<\/p>\n<p>Zastanawiasz si\u0119, czy dotyczy to tylko plik\u00f3w wysokiej rozdzielczo\u015bci? \u2013 Nie musisz si\u0119 obawia\u0107. Du\u017ca cz\u0119\u015b\u0107 naszych ods\u0142uch\u00f3w odbywa si\u0119 przy u\u017cyciu zgranych p\u0142yt CD i to sprawia, \u017ce ten kabel \u200b\u200bjest tak ekscytuj\u0105cy. W przypadku plik\u00f3w wysokiej rozdzielczo\u015bci bardzo \u0142atwo jest us\u0142ysze\u0107 korzy\u015bci, jakie wnosi do d\u017awi\u0119ku, ale to kable, kt\u00f3re pozwol\u0105 Ci ponownie odkry\u0107 ca\u0142\u0105 kolekcj\u0119 p\u0142yt CD, a tak\u017ce pozwol\u0105 Ci na nowo us\u0142ysze\u0107 d\u017awi\u0119k z serwis\u00f3w streamingowych i plik\u00f3w wysokiej rozdzielczo\u015bci.<\/p>\n<p><strong>Specyfikacja techniczna:<\/strong><\/p>\n<p>Najnowsza, ulepszona konstrukcja ARAY o wi\u0119kszej elastyczno\u015bci.<\/p>\n<p>Posrebrzane wtyki RCA o niskiej masie z precyzyjnie wykonanym dielektrykiem PTFE.<\/p>\n<p>Dwa, 75-omowe, posrebrzane przewody z miedzi beztlenowej z PTFE.<\/p>\n<p>Posrebrzany oplot o wysokiej g\u0119sto\u015bci i skuteczne ekranowanie zak\u0142\u00f3ce\u0144 wysokiej cz\u0119stotliwo\u015bci.<\/p>\n<p>Zmieniona geometria przewodu Super ARAY mo\u017ce radykalnie poprawi\u0107 szczeg\u00f3\u0142owo\u015b\u0107 i sp\u00f3jno\u015b\u0107.<\/p>\n<p>System stabilizuj\u0105cy mechanicznie konstrukcj\u0119 zapobiega zmianom impedancji.<\/p>\n<p>Dost\u0119pne w d\u0142ugo\u015bci 1 m i w d\u0142ugo\u015bciach niestandardowych. Dost\u0119pne r\u00f3wnie\u017c z posrebrzanymi z\u0142\u0105czami BNC lub EBU\/AES.<\/p>\n","protected":false},"excerpt":{"rendered":"<p>Najnowsza, ulepszona konstrukcja o wi\u0119kszej elastyczno\u015bci. Kable Signature Digital zosta\u0142y zmienione \u2013 teraz korzystaj\u0105 z geometrii Super ARAY, kt\u00f3ra poprawia szczeg\u00f3\u0142owo\u015b\u0107 i sp\u00f3jno\u015b\u0107 muzyczn\u0105.<\/p>\n","protected":false},"featured_media":15406,"comment_status":"open","ping_status":"closed","template":"","meta":{"_acf_changed":false},"product_brand":[],"product_cat":[2328,2334,2344],"product_tag":[],"class_list":{"0":"post-15850","1":"product","2":"type-product","3":"status-publish","4":"has-post-thumbnail","6":"product_cat-interkonekty","7":"product_cat-kable-cyfrowe-i-usb","8":"product_cat-signature-pl","10":"first","11":"instock","12":"shipping-taxable","13":"purchasable","14":"product-type-simple"},"acf":[],"_links":{"self":[{"href":"https:\/\/chord.co.uk\/pl\/wp-json\/wp\/v2\/product\/15850","targetHints":{"allow":["GET"]}}],"collection":[{"href":"https:\/\/chord.co.uk\/pl\/wp-json\/wp\/v2\/product"}],"about":[{"href":"https:\/\/chord.co.uk\/pl\/wp-json\/wp\/v2\/types\/product"}],"replies":[{"embeddable":true,"href":"https:\/\/chord.co.uk\/pl\/wp-json\/wp\/v2\/comments?post=15850"}],"wp:featuredmedia":[{"embeddable":true,"href":"https:\/\/chord.co.uk\/pl\/wp-json\/wp\/v2\/media\/15406"}],"wp:attachment":[{"href":"https:\/\/chord.co.uk\/pl\/wp-json\/wp\/v2\/media?parent=15850"}],"wp:term":[{"taxonomy":"product_brand","embeddable":true,"href":"https:\/\/chord.co.uk\/pl\/wp-json\/wp\/v2\/product_brand?post=15850"},{"taxonomy":"product_cat","embeddable":true,"href":"https:\/\/chord.co.uk\/pl\/wp-json\/wp\/v2\/product_cat?post=15850"},{"taxonomy":"product_tag","embeddable":true,"href":"https:\/\/chord.co.uk\/pl\/wp-json\/wp\/v2\/product_tag?post=15850"}],"curies":[{"name":"wp","href":"https:\/\/api.w.org\/{rel}","templated":true}]}}