{"id":15851,"date":"2016-12-15T12:38:41","date_gmt":"2016-12-15T12:38:41","guid":{"rendered":"https:\/\/chord.co.uk\/product\/epic-reference-speaker-cable\/"},"modified":"2019-10-17T10:47:36","modified_gmt":"2019-10-17T09:47:36","slug":"epic-reference-speaker-cable","status":"publish","type":"product","link":"https:\/\/chord.co.uk\/pl\/produkt\/epic-reference-speaker-cable\/","title":{"rendered":"Epic XL &#8211; kabel g\u0142o\u015bnikowy"},"content":{"rendered":"<p>Epic XL \u0142\u0105czy zalety naszych kabli g\u0142o\u015bnikowych Epic i Signature Reference\/XL. Specjalnie dobrany, mi\u0119kki p\u0142aszcz zewn\u0119trzny z PVC dodawana zosta\u0142 po to, aby prawid\u0142owo rozmie\u015bci\u0107 ekran i zminimalizowa\u0107 szum mechaniczny. Na ka\u017cdy zestaw przewod\u00f3w nak\u0142ada si\u0119 oplot i ekran z folii o wysokiej g\u0119sto\u015bci, a na zewn\u0105trz p\u00f3\u0142przezroczyst\u0105 pow\u0142ok\u0119 zewn\u0119trzn\u0105, wybran\u0105 w celu zmniejszenia niepo\u017c\u0105danego szumu mechanicznego. Ka\u017cdy zestaw Epic XL jest budowany na zam\u00f3wienie w The Chord Company. Przewody s\u0105 skr\u0119cone ze sob\u0105 i stabilizowane mechanicznie, zanim zostan\u0105 zako\u0144czone wtykami bananowymi lub wid\u0142ami. Poprzez oddzielne ekranowanie dodatnich i ujemnych przewodnik\u00f3w ka\u017cdego kabla g\u0142o\u015bnikowego, mogli\u015bmy zaproponowa\u0107 wersj\u0119 Epic, kt\u00f3ra brzmi w wyra\u017anie bardziej wyrafinowany spos\u00f3b i bardziej muzykalnie. To znakomity kabel do reprodukcji mikrodynamiki i szczeg\u00f3\u0142\u00f3w, zapewniaj\u0105cy doskona\u0142\u0105 separacj\u0119 i definicj\u0119 instrument\u00f3w oraz g\u0142os\u00f3w.<\/p>\n<p>\u0179r\u00f3d\u0142a sygna\u0142u oraz g\u0142o\u015bniki stale ewoluuj\u0105. Poziom rozdzielczo\u015bci, kt\u00f3ry kiedy\u015b cechowa\u0142 wysokiej klasy d\u017awi\u0119k, jest teraz dost\u0119pny w zaskakuj\u0105co przyst\u0119pnych cenowo konstrukcjach. Minusem jest to, \u017ce mog\u0105 one pokaza\u0107 rzeczy, kt\u00f3rych nie chcemy us\u0142ysze\u0107 \u2013 to naprawd\u0119 takie kable! Epic XL to krok naprz\u00f3d pod wzgl\u0119dem jako\u015bci d\u017awi\u0119ku, g\u0142ownie dzi\u0119ki zastosowania osobnych ekran\u00f3w dla ka\u017cdego przewodnika. Oznacza to wy\u017csz\u0105 neutralno\u015b\u0107, mniejszy szum, wi\u0119ksz\u0105 i bardziej wci\u0105gaj\u0105c\u0105 scen\u0119 d\u017awi\u0119kow\u0105, a przede wszystkim rado\u015b\u0107 z kolekcji muzycznej.<\/p>\n<p>Ka\u017cdy sprzedawca firmy Chord Company oferuje kable demonstracyjne, aby\u015b m\u00f3g\u0142 pos\u0142ucha\u0107 ich we w\u0142asnym systemie. To kabel, kt\u00f3ry mo\u017ce zmieni\u0107 dobry system w spektakularny.<\/p>\n<p>Epic XL (a raczej jego poprzednik Epic Reference) korzysta\u0142 z izolacji PTFE i do czasu pojawienia si\u0119 Taylonu by\u0142 materia\u0142em, kt\u00f3ry zazwyczaj wybierali\u015bmy. Chocia\u017c by\u0142 drogi, oferowa\u0142 najlepsz\u0105 jako\u015b\u0107 d\u017awi\u0119ku.<\/p>\n<p>Technologia materia\u0142owa stale si\u0119 rozwija i ulepsza, a obecnie dost\u0119pne s\u0105 alternatywy dla PTFE. Podczas gdy wysoki koszt Taylonu uniemo\u017cliwia nam korzystanie z niego w serii Epic, uda\u0142o si\u0119 nam znale\u017a\u0107 wersj\u0119 XLPE (usieciowanego polietylenu), kt\u00f3ra po d\u0142ugich testach ods\u0142uchowych okaza\u0142a si\u0119 wyra\u017anie lepsza ni\u017c PTFE.<\/p>\n<p>Ka\u017cdy zestaw kabla g\u0142o\u015bnikowego Epic XL jest konstruowany na zam\u00f3wienie i zako\u0144czony w naszej brytyjskiej fabryce za pomoc\u0105 wtyk\u00f3w bananowych ChordOhmic 4 mm lub gniazd wide\u0142kowych ChordOhmic.<\/p>\n","protected":false},"excerpt":{"rendered":"<p>Epic XL to ogromny skok w dynamice, szczeg\u00f3\u0142owo\u015bci i muzycznej sp\u00f3jno\u015bci, \u0142\u0105cz\u0105c oddzielnie ekranowanie przewodnik\u00f3w, znane z serii Signature XL, i posrebrzane, izolowane XLPE przewodniki z serii Epic.<\/p>\n","protected":false},"featured_media":15519,"comment_status":"open","ping_status":"closed","template":"","meta":{"_acf_changed":false},"product_brand":[],"product_cat":[2341,2336],"product_tag":[2347,2365,2361,2366],"class_list":{"0":"post-15851","1":"product","2":"type-product","3":"status-publish","4":"has-post-thumbnail","6":"product_cat-epic-pl","7":"product_cat-kable-glosnikowe","8":"product_tag-chord-company-pl","9":"product_tag-epic-xl-pl","10":"product_tag-signature-pl","11":"product_tag-xlpe-pl","13":"first","14":"instock","15":"shipping-taxable","16":"purchasable","17":"product-type-simple"},"acf":[],"_links":{"self":[{"href":"https:\/\/chord.co.uk\/pl\/wp-json\/wp\/v2\/product\/15851","targetHints":{"allow":["GET"]}}],"collection":[{"href":"https:\/\/chord.co.uk\/pl\/wp-json\/wp\/v2\/product"}],"about":[{"href":"https:\/\/chord.co.uk\/pl\/wp-json\/wp\/v2\/types\/product"}],"replies":[{"embeddable":true,"href":"https:\/\/chord.co.uk\/pl\/wp-json\/wp\/v2\/comments?post=15851"}],"wp:featuredmedia":[{"embeddable":true,"href":"https:\/\/chord.co.uk\/pl\/wp-json\/wp\/v2\/media\/15519"}],"wp:attachment":[{"href":"https:\/\/chord.co.uk\/pl\/wp-json\/wp\/v2\/media?parent=15851"}],"wp:term":[{"taxonomy":"product_brand","embeddable":true,"href":"https:\/\/chord.co.uk\/pl\/wp-json\/wp\/v2\/product_brand?post=15851"},{"taxonomy":"product_cat","embeddable":true,"href":"https:\/\/chord.co.uk\/pl\/wp-json\/wp\/v2\/product_cat?post=15851"},{"taxonomy":"product_tag","embeddable":true,"href":"https:\/\/chord.co.uk\/pl\/wp-json\/wp\/v2\/product_tag?post=15851"}],"curies":[{"name":"wp","href":"https:\/\/api.w.org\/{rel}","templated":true}]}}