{"id":15852,"date":"2016-12-15T12:36:26","date_gmt":"2016-12-15T12:36:26","guid":{"rendered":"https:\/\/chord.co.uk\/product\/epic-speaker-cable\/"},"modified":"2019-10-31T09:55:34","modified_gmt":"2019-10-31T09:55:34","slug":"epic-speaker-cable","status":"publish","type":"product","link":"https:\/\/chord.co.uk\/pl\/produkt\/epic-speaker-cable\/","title":{"rendered":"Epic &#8211; kabel g\u0142o\u015bnikowy"},"content":{"rendered":"<p>Epic jest cz\u0119\u015bci\u0105 naszej oferty kabli g\u0142o\u015bnikowych od oko\u0142o dziesi\u0119ciu lat &#8211; to kabel ekranowany, kt\u00f3ry dzia\u0142a z praktycznie ka\u017cdym rodzajem g\u0142o\u015bnik\u00f3w. Od \u015bredniej do wysokiej klasy system\u00f3w \u2013 Epic zapewnia szczeg\u00f3\u0142owo\u015b\u0107, dynamik\u0119, rozdzielczo\u015b\u0107 i sp\u00f3jno\u015b\u0107 ka\u017cdemu g\u0142o\u015bnikowi, z kt\u00f3rym jest u\u017cywany. Jest szczeg\u00f3lnie dobry w kontrolowaniu niskich ton\u00f3w i mo\u017ce by\u0107 naprawd\u0119 dobrym rozwi\u0105zaniem dla g\u0142o\u015bnik\u00f3w pod\u0142ogowych.<\/p>\n<p>Epic opiera si\u0119 na naszym wielokrotnie nagradzanym kablu g\u0142o\u015bnikowym Chord Odyssey. Oba kable maj\u0105 identyczne przewodniki, u\u017cywaj\u0105 beztlenowych, miedzianych przewod\u00f3w ujemnych i dodatnich, izolowanych XLPE przed na\u0142o\u017ceniem zewn\u0119trznego p\u0142aszcza PCV. Kluczowa r\u00f3\u017cnica (i skok w jako\u015bci d\u017awi\u0119ku) wynika z efektywnej kombinacji ekran\u00f3w chroni\u0105cych przed zak\u0142\u00f3ceniami wysokiej cz\u0119stotliwo\u015bci i p\u00f3\u0142przezroczystej os\u0142ony z PCV, kt\u00f3ra zosta\u0142a dodana do EpicX.<\/p>\n<p>EpicX jest idealnym partnerem dla wtyczek Chord Company ChordOhmic, starannie uzupe\u0142nionymi os\u0142onami zewn\u0119trznymi. Opr\u00f3cz fabrycznych zako\u0144cze\u0144, kabel mo\u017ce by\u0107 r\u00f3wnie\u017c profesjonalnie zako\u0144czony przez dealer\u00f3w Chord Company wyposa\u017conych w nowe narz\u0119dzie ChordOhmic Hex Gun; us\u0142uga ta nie tylko zapewnia d\u0142ugo\u015b\u0107 dostosowan\u0105 do potrzeb u\u017cytkownika, ale tak\u017ce pozwala na przeskoczenie kolejki w fabryce. Istniej\u0105ce kable mo\u017cna r\u00f3wnie\u017c poprawi\u0107 zmieniaj\u0105c ich wtyczki, obudow\u0119 i zako\u0144czenia.<\/p>\n","protected":false},"excerpt":{"rendered":"<p>Epic to ekranowany kabel g\u0142o\u015bnikowy, kt\u00f3ry dzia\u0142a dobrze z praktycznie ka\u017cdym rodzajem g\u0142o\u015bnik\u00f3w, od \u015bredniej p\u00f3\u0142ki cenowej po systemy wysokiej klasy. Epic przynosi szczeg\u00f3\u0142owo\u015b\u0107, dynamik\u0119, rozdzielczo\u015b\u0107 i sp\u00f3jno\u015b\u0107. Jest szczeg\u00f3lnie dobry w zapewnianiu kontroli i definicji bas\u00f3w. Doskona\u0142y wyb\u00f3r dla g\u0142o\u015bnik\u00f3w pod\u0142ogowych.<\/p>\n","protected":false},"featured_media":17651,"comment_status":"open","ping_status":"closed","template":"","meta":{"_acf_changed":false},"product_brand":[],"product_cat":[2341,2336],"product_tag":[2349],"class_list":{"0":"post-15852","1":"product","2":"type-product","3":"status-publish","4":"has-post-thumbnail","6":"product_cat-epic-pl","7":"product_cat-kable-glosnikowe","8":"product_tag-loudspeakers-pl","10":"first","11":"instock","12":"shipping-taxable","13":"purchasable","14":"product-type-simple"},"acf":[],"_links":{"self":[{"href":"https:\/\/chord.co.uk\/pl\/wp-json\/wp\/v2\/product\/15852","targetHints":{"allow":["GET"]}}],"collection":[{"href":"https:\/\/chord.co.uk\/pl\/wp-json\/wp\/v2\/product"}],"about":[{"href":"https:\/\/chord.co.uk\/pl\/wp-json\/wp\/v2\/types\/product"}],"replies":[{"embeddable":true,"href":"https:\/\/chord.co.uk\/pl\/wp-json\/wp\/v2\/comments?post=15852"}],"wp:featuredmedia":[{"embeddable":true,"href":"https:\/\/chord.co.uk\/pl\/wp-json\/wp\/v2\/media\/17651"}],"wp:attachment":[{"href":"https:\/\/chord.co.uk\/pl\/wp-json\/wp\/v2\/media?parent=15852"}],"wp:term":[{"taxonomy":"product_brand","embeddable":true,"href":"https:\/\/chord.co.uk\/pl\/wp-json\/wp\/v2\/product_brand?post=15852"},{"taxonomy":"product_cat","embeddable":true,"href":"https:\/\/chord.co.uk\/pl\/wp-json\/wp\/v2\/product_cat?post=15852"},{"taxonomy":"product_tag","embeddable":true,"href":"https:\/\/chord.co.uk\/pl\/wp-json\/wp\/v2\/product_tag?post=15852"}],"curies":[{"name":"wp","href":"https:\/\/api.w.org\/{rel}","templated":true}]}}