{"id":15853,"date":"2016-12-15T12:33:10","date_gmt":"2016-12-15T12:33:10","guid":{"rendered":"https:\/\/chord.co.uk\/product\/epic-streaming-cable\/"},"modified":"2020-01-21T11:01:17","modified_gmt":"2020-01-21T11:01:17","slug":"epic-streaming-cable","status":"publish","type":"product","link":"https:\/\/chord.co.uk\/pl\/produkt\/epic-streaming-cable\/","title":{"rendered":"Epic &#8211; kabel LAN"},"content":{"rendered":"<p>Kabel do transmisji strumieniowej Epic zosta\u0142 opracowany do stosowania z komponentami s\u0142u\u017c\u0105cymi do strumieniowego przesy\u0142ania sygna\u0142u muzycznego \u2013 nie mo\u017cemy nazwa\u0107 ich wprost kablami ethernetowymi, poniewa\u017c nie s\u0105 takie same.<\/p>\n<p>W kablach Ethernet nie stosuje si\u0119 wysokiej jako\u015bci posrebrzanych przewod\u00f3w, wysokiej klasy materia\u0142\u00f3w izolacyjnych, ekranowania oddzielnych par o wysokiej g\u0119sto\u015bci lub ekranowania og\u00f3lnego o wysokiej g\u0119sto\u015bci. Nie u\u017cywaj\u0105 te\u017c naszej unikalnej geometrii przewodu Tuned ARAY.<\/p>\n<p>Wykorzystuje on precyzyjne z\u0142\u0105cze RJ45 z poz\u0142acanymi stykami, kt\u00f3re modyfikujemy, aby m\u00f3c bezpo\u015brednio lutowa\u0107 przewody do styk\u00f3w. Jednym z bardziej przyjemnych aspekt\u00f3w pracy w The Chord Company jest sala demonstracyjna. Oznacza to sp\u0119dzanie du\u017co czasu na s\u0142uchaniu muzyki. To ci\u0119\u017cka praca, ale kto\u015b musi to zrobi\u0107.<\/p>\n<p>Zacz\u0119li\u015bmy s\u0142ucha\u0107 streamer\u00f3w, gdy tylko sta\u0142y si\u0119 dost\u0119pne. Do\u015b\u0107 szybko zacz\u0119li\u015bmy eksperymentowa\u0107 z ich kablami. Udane pr\u00f3by doprowadzi\u0142y nas do dostosowania geometrii Tuned ARAY do pracy z sygna\u0142ami przesy\u0142aj\u0105cymi sygna\u0142 muzyczny.<\/p>\n<p>Kabel do transmisji strumieniowej Epic mo\u017ce pom\u00f3c systemowi zabrzmie\u0107 w sp\u00f3jny, wci\u0105gaj\u0105cy i szczeg\u00f3\u0142owy spos\u00f3b.<\/p>\n<p>Dost\u0119pny standardowo w d\u0142ugo\u015bci 1 m. D\u0142u\u017csze niestandardowe d\u0142ugo\u015bci s\u0105 dost\u0119pne na zam\u00f3wienie.<\/p>\n","protected":false},"excerpt":{"rendered":"<p>Kable Ethernet zwykle nie u\u017cywaj\u0105 posrebrzanych przewod\u00f3w wysokiej jako\u015bci, wysokiej klasy izolacji i ekranowania o wysokiej g\u0119sto\u015bci. Nie u\u017cywaj\u0105 te\u017c naszej unikalnej geometrii przewodu Tuned ARAY. Kabel strumieniowy Chord Epic zosta\u0142 zaprojektowany, aby uzyska\u0107 najlepszy i najbardziej sp\u00f3jny d\u017awi\u0119k z ka\u017cdego porz\u0105dnego streamera audio.<\/p>\n","protected":false},"featured_media":17992,"comment_status":"open","ping_status":"closed","template":"","meta":{"_acf_changed":false},"product_brand":[],"product_cat":[2341,2328,2334],"product_tag":[3323,2347,3322,3321,3374,3376,3375,3373],"class_list":{"0":"post-15853","1":"product","2":"type-product","3":"status-publish","4":"has-post-thumbnail","6":"product_cat-epic-pl","7":"product_cat-interkonekty","8":"product_cat-kable-cyfrowe-i-usb","9":"product_tag-audio-pl","10":"product_tag-chord-company-pl","11":"product_tag-digital-pl","12":"product_tag-epic-pl","13":"product_tag-hi-fi-pl","14":"product_tag-interkonekt","15":"product_tag-kabel","16":"product_tag-streaming-pl","18":"first","19":"instock","20":"shipping-taxable","21":"purchasable","22":"product-type-simple"},"acf":[],"_links":{"self":[{"href":"https:\/\/chord.co.uk\/pl\/wp-json\/wp\/v2\/product\/15853","targetHints":{"allow":["GET"]}}],"collection":[{"href":"https:\/\/chord.co.uk\/pl\/wp-json\/wp\/v2\/product"}],"about":[{"href":"https:\/\/chord.co.uk\/pl\/wp-json\/wp\/v2\/types\/product"}],"replies":[{"embeddable":true,"href":"https:\/\/chord.co.uk\/pl\/wp-json\/wp\/v2\/comments?post=15853"}],"wp:featuredmedia":[{"embeddable":true,"href":"https:\/\/chord.co.uk\/pl\/wp-json\/wp\/v2\/media\/17992"}],"wp:attachment":[{"href":"https:\/\/chord.co.uk\/pl\/wp-json\/wp\/v2\/media?parent=15853"}],"wp:term":[{"taxonomy":"product_brand","embeddable":true,"href":"https:\/\/chord.co.uk\/pl\/wp-json\/wp\/v2\/product_brand?post=15853"},{"taxonomy":"product_cat","embeddable":true,"href":"https:\/\/chord.co.uk\/pl\/wp-json\/wp\/v2\/product_cat?post=15853"},{"taxonomy":"product_tag","embeddable":true,"href":"https:\/\/chord.co.uk\/pl\/wp-json\/wp\/v2\/product_tag?post=15853"}],"curies":[{"name":"wp","href":"https:\/\/api.w.org\/{rel}","templated":true}]}}