{"id":15854,"date":"2016-12-15T12:30:52","date_gmt":"2016-12-15T12:30:52","guid":{"rendered":"https:\/\/chord.co.uk\/product\/epic-digital\/"},"modified":"2020-01-21T11:02:27","modified_gmt":"2020-01-21T11:02:27","slug":"epic-digital","status":"publish","type":"product","link":"https:\/\/chord.co.uk\/pl\/produkt\/epic-digital\/","title":{"rendered":"Epic Digital RCA\/BNC"},"content":{"rendered":"<p>Epic Digital oferuje geometri\u0119 Tuned ARAY. Chocia\u017c to kluczowy element w produkcji tak wyj\u0105tkowych kabli, inne materia\u0142y u\u017cyte do produkcji tego kabla r\u00f3wnie\u017c zosta\u0142y poprawione. Lepsze s\u0105 posrebrzane przewodniki, a osobne ekrany dla przewod\u00f3w dodatnich i powrotnych maj\u0105 wy\u017csz\u0105 g\u0119sto\u015b\u0107.<\/p>\n<p>Czy to wa\u017cne w kablu cyfrowym? &#8211; Tak. Por\u00f3wnaj Epic Digital z Shawline, a zauwa\u017cysz, \u017ce lepiej zaznaczony jest rytm, a mikroszczeg\u00f3\u0142y, kt\u00f3re tak wiele znacz\u0105 dla muzyki, s\u0105 czytelne i s\u0105 wyra\u017aniejsze oraz \u0142atwiejsze do us\u0142yszenia. Dzi\u0119ki temu \u200b\u200bd\u017awi\u0119k jest bardziej sp\u00f3jny i wci\u0105gaj\u0105cy. To naprawd\u0119 dobry wyb\u00f3r do nowej generacji przetwornik\u00f3w \u015bredniej klasy cenowej. Niezale\u017cnie od tego, czy u\u017cywasz go jako po\u0142\u0105czenia mi\u0119dzy transportem CD, czy streamerem, dodatkowa precyzja i szczeg\u00f3\u0142owo\u015b\u0107 tego kabla jest \u0142atwa do us\u0142yszenia dla ka\u017cdego melomana.<\/p>\n<p>Dost\u0119pny standardowo w d\u0142ugo\u015bci 1 m ze z\u0142\u0105czami RCA lub BNC. Niestandardowe d\u0142ugo\u015bci dost\u0119pne na zam\u00f3wienie.<\/p>\n<p><strong>Certyfikaty Deklaracji W\u0142a\u015bciwo\u015bci U\u017cytkowych (zgodno\u015b\u0107 z CPR) dost\u0119pne tutaj (PDF)<\/strong><\/p>\n","protected":false},"excerpt":{"rendered":"<p>Epic Digital wykorzystuje geometri\u0119 Tuned ARAY opracowan\u0105 specjalnie dla kabli cyfrowych w po\u0142\u0105czeniu z oddzielnymi ekranami dla sygna\u0142u dodatniego i powrotnego oraz posrebrzanymi przewodami izolowanymi PTFE.<\/p>\n","protected":false},"featured_media":27575,"comment_status":"open","ping_status":"closed","template":"","meta":{"_acf_changed":false},"product_brand":[],"product_cat":[2341,2328,2334],"product_tag":[3323,2347,3322,3321,3374,3376,3375,3377],"class_list":{"0":"post-15854","1":"product","2":"type-product","3":"status-publish","4":"has-post-thumbnail","6":"product_cat-epic-pl","7":"product_cat-interkonekty","8":"product_cat-kable-cyfrowe-i-usb","9":"product_tag-audio-pl","10":"product_tag-chord-company-pl","11":"product_tag-digital-pl","12":"product_tag-epic-pl","13":"product_tag-hi-fi-pl","14":"product_tag-interkonekt","15":"product_tag-kabel","16":"product_tag-reczna-budowa","18":"first","19":"instock","20":"shipping-taxable","21":"purchasable","22":"product-type-simple"},"acf":[],"_links":{"self":[{"href":"https:\/\/chord.co.uk\/pl\/wp-json\/wp\/v2\/product\/15854","targetHints":{"allow":["GET"]}}],"collection":[{"href":"https:\/\/chord.co.uk\/pl\/wp-json\/wp\/v2\/product"}],"about":[{"href":"https:\/\/chord.co.uk\/pl\/wp-json\/wp\/v2\/types\/product"}],"replies":[{"embeddable":true,"href":"https:\/\/chord.co.uk\/pl\/wp-json\/wp\/v2\/comments?post=15854"}],"wp:featuredmedia":[{"embeddable":true,"href":"https:\/\/chord.co.uk\/pl\/wp-json\/wp\/v2\/media\/27575"}],"wp:attachment":[{"href":"https:\/\/chord.co.uk\/pl\/wp-json\/wp\/v2\/media?parent=15854"}],"wp:term":[{"taxonomy":"product_brand","embeddable":true,"href":"https:\/\/chord.co.uk\/pl\/wp-json\/wp\/v2\/product_brand?post=15854"},{"taxonomy":"product_cat","embeddable":true,"href":"https:\/\/chord.co.uk\/pl\/wp-json\/wp\/v2\/product_cat?post=15854"},{"taxonomy":"product_tag","embeddable":true,"href":"https:\/\/chord.co.uk\/pl\/wp-json\/wp\/v2\/product_tag?post=15854"}],"curies":[{"name":"wp","href":"https:\/\/api.w.org\/{rel}","templated":true}]}}