{"id":15855,"date":"2016-12-15T12:27:34","date_gmt":"2016-12-15T12:27:34","guid":{"rendered":"https:\/\/chord.co.uk\/product\/epic-analogue-xlr\/"},"modified":"2020-01-21T11:03:29","modified_gmt":"2020-01-21T11:03:29","slug":"epic-analogue-xlr","status":"publish","type":"product","link":"https:\/\/chord.co.uk\/pl\/produkt\/epic-analogue-xlr\/","title":{"rendered":"Epic Analogue XLR"},"content":{"rendered":"<p>Epic XLR zbudowany jest z tych samych materia\u0142\u00f3w, co Epic RCA i, podobnie jak Shawline XLR, konstrukcja zosta\u0142a dostosowana do u\u017cycia dodatkowego przewodnika. Oznacza to, \u017ce jego d\u017awi\u0119k jest bardzo podobny do tego, kt\u00f3ry znamy z Epic RCA \u2013 chodzi o wysok\u0105 szczeg\u00f3\u0142owo\u015b\u0107 i muzyczn\u0105 sp\u00f3jno\u015b\u0107.<\/p>\n<p>Ro\u015bnie liczba \u017ar\u00f3de\u0142 sygna\u0142u ze \u015bredniej p\u00f3\u0142ki cenowej z wyj\u015bciami i wej\u015bciami XLR, a wiele z tych odtwarzaczy korzysta z najnowszych uk\u0142ad\u00f3w o wysokiej rozdzielczo\u015bci.<\/p>\n<p>Ilo\u015b\u0107 szczeg\u00f3\u0142\u00f3w, jak\u0105 ujawniaj\u0105 te odtwarzacze, jest zadziwiaj\u0105ca, szczeg\u00f3lnie kiedy por\u00f3wnamy je do urz\u0105dze\u0144 kupowanych zaledwie kilka lat temu \u2013 a Epic Analogue pozwoli Ci to us\u0142ysze\u0107. Wraz ze wzrostem ceny sprz\u0119tu, wzrasta te\u017c znaczenie wyj\u015b\u0107 XLR. Nasza rada jest taka, \u017ce \u200b\u200bje\u015bli dost\u0119pne s\u0105 \u0142\u0105cza RCA i XLR, powiniene\u015b wypr\u00f3bowa\u0107 jedno i drugie. Mo\u017ce si\u0119 okaza\u0107, \u017ce wyj\u015bcie RCA to lepszy wyb\u00f3r. Wybierz utw\u00f3r, kt\u00f3ry jest dla Ciebie wyj\u0105tkowy, i go pos\u0142uchaj. Szybko zdecydujesz, czy to XLR, czy mo\u017ce RCA bardziej Ci\u0119 poruszaj\u0105.<\/p>\n<p>Dost\u0119pny standardowo w d\u0142ugo\u015bci 1 m, z niestandardowymi d\u0142ugo\u015bciami na zam\u00f3wienie.<\/p>\n<p><strong>Certyfikaty Deklaracji W\u0142a\u015bciwo\u015bci U\u017cytkowych (zgodno\u015b\u0107 z CPR) dost\u0119pne tutaj (PDF)<\/strong><\/p>\n","protected":false},"excerpt":{"rendered":"<p>Epic XLR wykorzystuje te same materia\u0142y, co Epic RCA. Konstrukcja jest przystosowana do w\u0142\u0105czenia dodatkowego przewodu, zapewniaj\u0105cego prawdziwie zbalansowane po\u0142\u0105czenie. Neutralno\u015b\u0107 i przejrzysto\u015b\u0107 s\u0105 tak wyj\u0105tkowe, jak w wersji RCA. Epic XLR charakteryzuje si\u0119 znakomit\u0105 szczeg\u00f3\u0142owo\u015bci\u0105 i wyj\u0105tkow\u0105 sp\u00f3jno\u015bci\u0105.<\/p>\n","protected":false},"featured_media":24453,"comment_status":"open","ping_status":"closed","template":"","meta":{"_acf_changed":false},"product_brand":[],"product_cat":[2331,2341,2328],"product_tag":[],"class_list":{"0":"post-15855","1":"product","2":"type-product","3":"status-publish","4":"has-post-thumbnail","6":"product_cat-analogowe-xlr","7":"product_cat-epic-pl","8":"product_cat-interkonekty","10":"first","11":"instock","12":"shipping-taxable","13":"purchasable","14":"product-type-simple"},"acf":[],"_links":{"self":[{"href":"https:\/\/chord.co.uk\/pl\/wp-json\/wp\/v2\/product\/15855","targetHints":{"allow":["GET"]}}],"collection":[{"href":"https:\/\/chord.co.uk\/pl\/wp-json\/wp\/v2\/product"}],"about":[{"href":"https:\/\/chord.co.uk\/pl\/wp-json\/wp\/v2\/types\/product"}],"replies":[{"embeddable":true,"href":"https:\/\/chord.co.uk\/pl\/wp-json\/wp\/v2\/comments?post=15855"}],"wp:featuredmedia":[{"embeddable":true,"href":"https:\/\/chord.co.uk\/pl\/wp-json\/wp\/v2\/media\/24453"}],"wp:attachment":[{"href":"https:\/\/chord.co.uk\/pl\/wp-json\/wp\/v2\/media?parent=15855"}],"wp:term":[{"taxonomy":"product_brand","embeddable":true,"href":"https:\/\/chord.co.uk\/pl\/wp-json\/wp\/v2\/product_brand?post=15855"},{"taxonomy":"product_cat","embeddable":true,"href":"https:\/\/chord.co.uk\/pl\/wp-json\/wp\/v2\/product_cat?post=15855"},{"taxonomy":"product_tag","embeddable":true,"href":"https:\/\/chord.co.uk\/pl\/wp-json\/wp\/v2\/product_tag?post=15855"}],"curies":[{"name":"wp","href":"https:\/\/api.w.org\/{rel}","templated":true}]}}