{"id":15856,"date":"2016-12-15T11:28:07","date_gmt":"2016-12-15T11:28:07","guid":{"rendered":"https:\/\/chord.co.uk\/product\/epic-analogue-rca\/"},"modified":"2020-01-21T11:04:16","modified_gmt":"2020-01-21T11:04:16","slug":"epic-analogue-rca","status":"publish","type":"product","link":"https:\/\/chord.co.uk\/pl\/produkt\/epic-analogue-rca\/","title":{"rendered":"Epic Analogue RCA"},"content":{"rendered":"<p>Epic to kabel o konstrukcji Tuned ARAY, zako\u0144czony naszymi, bezpo\u015brednio posrebrzanymi wtykami VEE 3 RCA. Epic zbudowany jest z posrebrzanych, wielo\u017cy\u0142owych, miedzianych z miedzi beztlenowej o du\u017cej grubo\u015bci w grubej izolacji PTFE wok\u00f3\u0142 ka\u017cdego przewodu. S\u0105 one chronione specjalnie dobranym p\u0142aszczem zewn\u0119trznym z PCV, minimalizuj\u0105cym szum mechaniczny; ca\u0142o\u015b\u0107 chroniona jest nylonowym oplotem.<\/p>\n<p>Efektem ko\u0144cowym jest kabel, kt\u00f3ry przeniesie o wiele wi\u0119cej szczeg\u00f3\u0142\u00f3w, wy\u017csz\u0105 dynamik\u0119 i lepiej odda poszczeg\u00f3lne barwy instrument\u00f3w. Geometria Tuned ARAY oznacza, \u017ce kabel \u200b\u200bprzenosi te dodatkowe informacje ze sp\u00f3jno\u015bci\u0105, jakiej potrzebujemy, aby uzyska\u0107 prawdziwie muzykalny i wci\u0105gaj\u0105cy d\u017awi\u0119k.<\/p>\n<p>Istnieje wiele odtwarzaczy CD, streamer\u00f3w i przetwornik\u00f3w D\/A w \u015bredniej cenie, kt\u00f3re s\u0142yn\u0105 z wyj\u0105tkowej szczeg\u00f3\u0142owo\u015bci. W naszym pokoju demonstracyjnym cz\u0119sto znajduje si\u0119 odtwarzacz CD o warto\u015bci 900 \u00a3. W po\u0142\u0105czeniu z Shawline brzmi bardziej ni\u017c dobrze, ale zmieniaj\u0105c kabel na Epic od razu s\u0142ycha\u0107 wi\u0119cej szczeg\u00f3\u0142\u00f3w i lepsz\u0105 sp\u00f3jno\u015b\u0107. Je\u015bli szukasz analityki \u2013 dostaniesz j\u0105. Ale r\u00f3wnocze\u015bnie otrzymasz muzyczne zaanga\u017cowanie.<\/p>\n<p>Dost\u0119pny standardowo w d\u0142ugo\u015bci 0,5 m i 1 m, z niestandardowymi d\u0142ugo\u015bciami na zam\u00f3wienie.<\/p>\n<p><strong>Certyfikaty Deklaracji W\u0142a\u015bciwo\u015bci U\u017cytkowych (zgodno\u015b\u0107 z CPR) dost\u0119pne tutaj (PDF)<\/strong><\/p>\n","protected":false},"excerpt":{"rendered":"<p>Epic RCA jest sp\u00f3jny, jak Shawline, ale dzi\u0119ki zastosowaniu grubszych przewod\u00f3w i lepszego ekranowania zapewnia wy\u017cszy poziom szczeg\u00f3\u0142owo\u015bci i zaanga\u017cowania systemom o analitycznym, a nie muzykalnym charakterze.<\/p>\n","protected":false},"featured_media":24449,"comment_status":"open","ping_status":"closed","template":"","meta":{"_acf_changed":false},"product_brand":[],"product_cat":[2330,2341,2328],"product_tag":[3392,3323,2347,3384,3321,3374,3376,3377],"class_list":{"0":"post-15856","1":"product","2":"type-product","3":"status-publish","4":"has-post-thumbnail","6":"product_cat-analogowe-rca","7":"product_cat-epic-pl","8":"product_cat-interkonekty","9":"product_tag-analogowy","10":"product_tag-audio-pl","11":"product_tag-chord-company-pl","12":"product_tag-clearway-pl","13":"product_tag-epic-pl","14":"product_tag-hi-fi-pl","15":"product_tag-interkonekt","16":"product_tag-reczna-budowa","18":"first","19":"instock","20":"shipping-taxable","21":"purchasable","22":"product-type-simple"},"acf":[],"_links":{"self":[{"href":"https:\/\/chord.co.uk\/pl\/wp-json\/wp\/v2\/product\/15856","targetHints":{"allow":["GET"]}}],"collection":[{"href":"https:\/\/chord.co.uk\/pl\/wp-json\/wp\/v2\/product"}],"about":[{"href":"https:\/\/chord.co.uk\/pl\/wp-json\/wp\/v2\/types\/product"}],"replies":[{"embeddable":true,"href":"https:\/\/chord.co.uk\/pl\/wp-json\/wp\/v2\/comments?post=15856"}],"wp:featuredmedia":[{"embeddable":true,"href":"https:\/\/chord.co.uk\/pl\/wp-json\/wp\/v2\/media\/24449"}],"wp:attachment":[{"href":"https:\/\/chord.co.uk\/pl\/wp-json\/wp\/v2\/media?parent=15856"}],"wp:term":[{"taxonomy":"product_brand","embeddable":true,"href":"https:\/\/chord.co.uk\/pl\/wp-json\/wp\/v2\/product_brand?post=15856"},{"taxonomy":"product_cat","embeddable":true,"href":"https:\/\/chord.co.uk\/pl\/wp-json\/wp\/v2\/product_cat?post=15856"},{"taxonomy":"product_tag","embeddable":true,"href":"https:\/\/chord.co.uk\/pl\/wp-json\/wp\/v2\/product_tag?post=15856"}],"curies":[{"name":"wp","href":"https:\/\/api.w.org\/{rel}","templated":true}]}}