{"id":15857,"date":"2016-12-07T17:29:15","date_gmt":"2016-12-07T17:29:15","guid":{"rendered":"https:\/\/chord.co.uk\/product\/shawline-speaker-cable\/"},"modified":"2019-10-24T09:00:20","modified_gmt":"2019-10-24T08:00:20","slug":"shawline-speaker-cable","status":"publish","type":"product","link":"https:\/\/chord.co.uk\/pl\/produkt\/shawline-speaker-cable\/","title":{"rendered":"Shawline X &#8211; kabel g\u0142o\u015bnikowy"},"content":{"rendered":"<p>Kabel g\u0142o\u015bnikowy Shawline X bazuje na rozwi\u0105zaniach znanych z modelu Chord Rumor (obecnie znanego pod nazw\u0105 Rumor X) \u2013 to ulubiony kabel g\u0142o\u015bnikowy ju\u017c od ponad 20 lat. Jego przewody s\u0105 posrebrzane, izolowane XLPE i maj\u0105 posta\u0107 skr\u0119tki. Aby wyprodukowa\u0107 Chord Shawline X, wzi\u0119li\u015bmy pod lup\u0119 istniej\u0105c\u0105 topologi\u0119 przewod\u00f3w, dodali\u015bmy specjalnie dobrany p\u0142aszcz wewn\u0119trzny z PCV, kt\u00f3ry minimalizuje indukowany mechanicznie szum, a tak\u017ce zastosowali\u015bmy t\u0119 sam\u0105, dwuwarstwow\u0105 foli\u0119 o wysokiej g\u0119sto\u015bci i ekran z plecionki, kt\u00f3re stosujemy w Chord Epic.<\/p>\n<p>Poprzednie wersje kabli g\u0142o\u015bnikowych Shawline\/Rumor korzysta\u0142y z izolacji PTFE (znanej szerzej jako Teflon) i do czasu pojawienia si\u0119 dielektryka Taylon by\u0142 to nasz materia\u0142 \u201epierwszego wyboru\u201d. Cho\u0107 drogi, PTFE oferowa\u0142 najlepsz\u0105 jako\u015b\u0107 d\u017awi\u0119ku.<\/p>\n<p>Technologia materia\u0142owa stale si\u0119 rozwija i ulepsza, a obecnie dost\u0119pne s\u0105 alternatywy dla PTFE. Podczas gdy wysoki koszt Taylonu uniemo\u017cliwia nam jego stosowanie we wszystkich seriach, znale\u017ali\u015bmy dla niego odpowiedni zamiennik w rodzinie materia\u0142\u00f3w izolacyjnych znanych jako XLPE (usieciowany polietylen). Szczeg\u00f3lnie wyr\u00f3\u017cnia\u0142a si\u0119 jedna konkretna wersja, kt\u00f3ra po testach ods\u0142uchowych okaza\u0142a si\u0119 wyra\u017anie (d\u017awi\u0119kowo) lepsza ni\u017c PTFE. Zastosowali\u015bmy j\u0105 wi\u0119c w kablach g\u0142o\u015bnikowych Shawline\/Rumor.<\/p>\n<p>Rumor\/Rumor X jest cz\u0119\u015bci\u0105 naszej oferty od tak dawna ze wzgl\u0119du na jako\u015b\u0107 d\u017awi\u0119ku. Jest neutralny (tj. nie ma d\u017awi\u0119ku \u201ew\u0142asnego\u201d) i jest w stanie pokaza\u0107 mn\u00f3stwo szczeg\u00f3\u0142\u00f3w i informacji dotycz\u0105cych dynamiki. Dlatego te\u017c oddaje muzyk\u0119 w niezwykle sp\u00f3jny spos\u00f3b.<\/p>\n<p>W Shawline X te zalety by\u0142y punktem wyj\u015bcia. G\u0142\u00f3wnym powodem zastosowania skutecznego ekranowania wysokich cz\u0119stotliwo\u015bci jest to, \u017ce dzi\u0119ki zmniejszeniu zak\u0142\u00f3ce\u0144 kabel lepiej prezentuje mikrodynamik\u0119 i rytmiczno\u015b\u0107, kt\u00f3rych muzycy tak cz\u0119sto u\u017cywaj\u0105 do wyra\u017cenia ekspresji. Shawline pokazuje r\u00f3wnie\u017c, nawet bardzo drobne, szczeg\u00f3\u0142y, kt\u00f3re pozwalaj\u0105 ukaza\u0107 szersz\u0105 palet\u0119 barw poszczeg\u00f3lnych instrument\u00f3w. Dzi\u0119ki temu mo\u017cesz zanurzy\u0107 si\u0119 w muzyce i si\u0119 w ni\u0105 zaanga\u017cowa\u0107; dodatkow\u0105 tych rozwi\u0105za\u0144 zalet\u0105 b\u0119dzie lepszy obraz d\u017awi\u0119kowy.<\/p>\n<p>Kabel g\u0142o\u015bnikowy Shawline X jest dost\u0119pny jest w gotowych setach, zako\u0144czonych w naszej brytyjskiej fabryce wtykami bananowymi ChordOhmic 4 mm lub wid\u0142ami ChordOhmic.<\/p>\n<p>Zestawy demonstracyjne s\u0105 dost\u0119pne u wi\u0119kszo\u015bci sprzedawc\u00f3w detalicznych.<\/p>\n","protected":false},"excerpt":{"rendered":"<p>Kabel g\u0142o\u015bnikowy Shawline korzysta z tych samych posrebrzanych przewodnik\u00f3w, izolacji XLPE i konfiguracji w postaci skr\u0119tki, co Chord Rumor X, ale wzbogacony zosta\u0142 o wewn\u0119trzny p\u0142aszcz z PCV, redukuj\u0105cy szumy mechaniczne, jak i dwuwarstwowe ekranowanie o wysokiej g\u0119sto\u015bci, kt\u00f3re stosujemy w Chord Epic.<\/p>\n","protected":false},"featured_media":16529,"comment_status":"open","ping_status":"closed","template":"","meta":{"_acf_changed":false},"product_brand":[],"product_cat":[2336,2343],"product_tag":[3323,2347,3374,3380],"class_list":{"0":"post-15857","1":"product","2":"type-product","3":"status-publish","4":"has-post-thumbnail","6":"product_cat-kable-glosnikowe","7":"product_cat-shawline-pl","8":"product_tag-audio-pl","9":"product_tag-chord-company-pl","10":"product_tag-hi-fi-pl","11":"product_tag-shawline-pl","13":"first","14":"instock","15":"shipping-taxable","16":"purchasable","17":"product-type-simple"},"acf":[],"_links":{"self":[{"href":"https:\/\/chord.co.uk\/pl\/wp-json\/wp\/v2\/product\/15857","targetHints":{"allow":["GET"]}}],"collection":[{"href":"https:\/\/chord.co.uk\/pl\/wp-json\/wp\/v2\/product"}],"about":[{"href":"https:\/\/chord.co.uk\/pl\/wp-json\/wp\/v2\/types\/product"}],"replies":[{"embeddable":true,"href":"https:\/\/chord.co.uk\/pl\/wp-json\/wp\/v2\/comments?post=15857"}],"wp:featuredmedia":[{"embeddable":true,"href":"https:\/\/chord.co.uk\/pl\/wp-json\/wp\/v2\/media\/16529"}],"wp:attachment":[{"href":"https:\/\/chord.co.uk\/pl\/wp-json\/wp\/v2\/media?parent=15857"}],"wp:term":[{"taxonomy":"product_brand","embeddable":true,"href":"https:\/\/chord.co.uk\/pl\/wp-json\/wp\/v2\/product_brand?post=15857"},{"taxonomy":"product_cat","embeddable":true,"href":"https:\/\/chord.co.uk\/pl\/wp-json\/wp\/v2\/product_cat?post=15857"},{"taxonomy":"product_tag","embeddable":true,"href":"https:\/\/chord.co.uk\/pl\/wp-json\/wp\/v2\/product_tag?post=15857"}],"curies":[{"name":"wp","href":"https:\/\/api.w.org\/{rel}","templated":true}]}}