{"id":15858,"date":"2016-12-07T17:28:11","date_gmt":"2016-12-07T17:28:11","guid":{"rendered":"https:\/\/chord.co.uk\/product\/shawline-usb-cable\/"},"modified":"2019-10-24T09:10:34","modified_gmt":"2019-10-24T08:10:34","slug":"shawline-usb-cable","status":"publish","type":"product","link":"https:\/\/chord.co.uk\/pl\/produkt\/shawline-usb-cable\/","title":{"rendered":"Shawline USB"},"content":{"rendered":"<p>Coraz wi\u0119cej os\u00f3b odkrywa, \u017ce \u200b\u200bkomputer, kabel USB i przetwornik cyfrowo-analogowy USB mog\u0105 by\u0107 bardzo dobrym sposobem na s\u0142uchanie muzyki. Nie mo\u017cna przy tym przeoczy\u0107 faktu, \u017ce kable USB s\u0105 generalnie wyj\u0105tkowo tanie i teoretycznie nie maj\u0105 wp\u0142ywu na jako\u015b\u0107 przenoszonego sygna\u0142u cyfrowego. Naszym zdaniem jest inaczej \u2013 za ka\u017cdym razem okazuje si\u0119, \u017ce maj\u0105 one wp\u0142yw na d\u017awi\u0119k.<\/p>\n<p>Kabel Shawline USB zosta\u0142 opracowany zgodnie z nasz\u0105 zwyk\u0142\u0105 zasad\u0105 korzystania z materia\u0142\u00f3w, o kt\u00f3rych wiemy, \u017ce dzia\u0142aj\u0105 dobrze w danym kontek\u015bcie. Stosujemy r\u00f3wnie\u017c geometri\u0119 przewod\u00f3w, kt\u00f3r\u0105 ustalili\u015bmy podczas opracowywania naszych kabli Sarum i Signature USB. Maj\u0105c taki punkt wyj\u015bcia mo\u017cemy przygotowa\u0107 prototyp, usi\u0105\u015b\u0107 i go pos\u0142ucha\u0107. S\u0105 to zar\u00f3wno \u015blepe testy, jak i ods\u0142uchy z naszymi sprzedawcami. Dopiero gdy jeste\u015bmy ca\u0142kowicie zadowoleni z tego, jak kabel si\u0119 zachowuje, zostaje on wprowadzony do produkcji. Shawline USB jest zbudowany przy u\u017cyciu wysokiej jako\u015bci posrebrzanych przewod\u00f3w sygna\u0142owych i zasilaj\u0105cych. Przewody zasilaj\u0105ce s\u0105 oddzielnie ekranowane przed przewodami sygna\u0142owymi, a izolacja to twardy polietylen opracowany specjalnie do szybkiego przesy\u0142ania sygna\u0142\u00f3w. Na ca\u0142o\u015b\u0107 nak\u0142adany jest og\u00f3lny ekran, wi\u0119c w po\u0142\u0105czeniu z wewn\u0119trznym ekranem oznacza to, \u017ce \u200b\u200bkable sygna\u0142owe s\u0105 chronione w bardzo szerokim pa\u015bmie cz\u0119stotliwo\u015bci.<\/p>\n<p>Podobnie jak nasze kable Signature USB, Shawline USB wykorzystuje r\u00f3wnie\u017c specjalnie opracowan\u0105 wersj\u0119 geometrii Tuned ARAY. Kabel jest wykonany r\u0119cznie i zako\u0144czony posrebrzanymi z\u0142\u0105czami USB A lub USB B.<\/p>\n<p>Chcieliby\u015bmy zaoferowa\u0107 kabel wyposa\u017cony w z\u0142\u0105cza micro-USB, ale zamontowanie do niego do\u015b\u0107 ci\u0119\u017ckich przewod\u00f3w by\u0142o niemo\u017cliwe, nie byliby\u015bmy wi\u0119c w stanie stworzy\u0107 mechanicznie niezawodnego po\u0142\u0105czenia. Prawdziwym wyzwaniem by\u0142y miniaturowe elementy stykowe. Od kilku lat u\u017cywamy naszych kabli USB wyposa\u017conych w przej\u015bci\u00f3wki USB B na micro-USB. Adaptery s\u0105 naszym najmniej ulubionym elementem kabla i na og\u00f3\u0142 nale\u017cy ich unika\u0107, gdy tylko jest to mo\u017cliwe. W tym konkretnym przypadku jest jednak inaczej. Przeprowadzili\u015bmy eksperymenty, w kt\u00f3rych wzi\u0119li\u015bmy niekt\u00f3re z dost\u0119pnych kabli zako\u0144czonych wtykami micro-USB i por\u00f3wnali\u015bmy je z naszymi w\u0142asnymi kablami USB z adapterem. Ograniczenia w przewodzeniu nak\u0142adane przez wtyczk\u0119 micro-USB powa\u017cnie ograniczaj\u0105 d\u0142ugo\u015b\u0107 i jako\u015b\u0107 d\u017awi\u0119ku, zako\u0144czonych w ten spos\u00f3b, kabli USB. Lepsze wyniki osi\u0105gn\u0119li\u015bmy\u2013 wypr\u00f3bowanymi to z urz\u0105dzeniami przeno\u015bnymi wy\u017cszej klasy \u2013 dzi\u0119ki u\u017cyciu w\u0142asnych kabli USB wraz z adapterem. Oznacza to, \u017ce je\u015bli masz porz\u0105dny przetwornik cyfrowo-analogowy z wej\u015bciem micro USB, nie b\u00f3j si\u0119 eksperymentowa\u0107 z adapterami. W ten spos\u00f3b osi\u0105gn\u0119li\u015bmy najlepsz\u0105 jako\u015b\u0107 d\u017awi\u0119ku \u2013 naprawd\u0119 warto spr\u00f3bowa\u0107.<\/p>\n<p>Dost\u0119pny standardowo w d\u0142ugo\u015bci 1 m. Niestandardowe d\u0142ugo\u015bci mog\u0105 by\u0107 wykonane na zam\u00f3wienie.<\/p>\n","protected":false},"excerpt":{"rendered":"<p>Sensowny laptop dedykowany Twojej kolekcji muzycznej i dobry przetwornik cyfrowo-analogowy USB mo\u017ce by\u0107 wa\u017cnym i niedrogim \u017ar\u00f3d\u0142em sygna\u0142u, szczeg\u00f3lnie je\u015bli jeste\u015b gotowy usi\u0105\u015b\u0107 i poeksperymentowa\u0107 z dedykowanymi kablami po\u0142\u0105czeniowymi \u2013 takich jak Shawline USB.<\/p>\n","protected":false},"featured_media":17935,"comment_status":"open","ping_status":"closed","template":"","meta":{"_acf_changed":false},"product_brand":[],"product_cat":[2328,2334,2343],"product_tag":[],"class_list":{"0":"post-15858","1":"product","2":"type-product","3":"status-publish","4":"has-post-thumbnail","6":"product_cat-interkonekty","7":"product_cat-kable-cyfrowe-i-usb","8":"product_cat-shawline-pl","10":"first","11":"instock","12":"shipping-taxable","13":"purchasable","14":"product-type-simple"},"acf":[],"_links":{"self":[{"href":"https:\/\/chord.co.uk\/pl\/wp-json\/wp\/v2\/product\/15858","targetHints":{"allow":["GET"]}}],"collection":[{"href":"https:\/\/chord.co.uk\/pl\/wp-json\/wp\/v2\/product"}],"about":[{"href":"https:\/\/chord.co.uk\/pl\/wp-json\/wp\/v2\/types\/product"}],"replies":[{"embeddable":true,"href":"https:\/\/chord.co.uk\/pl\/wp-json\/wp\/v2\/comments?post=15858"}],"wp:featuredmedia":[{"embeddable":true,"href":"https:\/\/chord.co.uk\/pl\/wp-json\/wp\/v2\/media\/17935"}],"wp:attachment":[{"href":"https:\/\/chord.co.uk\/pl\/wp-json\/wp\/v2\/media?parent=15858"}],"wp:term":[{"taxonomy":"product_brand","embeddable":true,"href":"https:\/\/chord.co.uk\/pl\/wp-json\/wp\/v2\/product_brand?post=15858"},{"taxonomy":"product_cat","embeddable":true,"href":"https:\/\/chord.co.uk\/pl\/wp-json\/wp\/v2\/product_cat?post=15858"},{"taxonomy":"product_tag","embeddable":true,"href":"https:\/\/chord.co.uk\/pl\/wp-json\/wp\/v2\/product_tag?post=15858"}],"curies":[{"name":"wp","href":"https:\/\/api.w.org\/{rel}","templated":true}]}}