{"id":15859,"date":"2016-12-07T17:17:51","date_gmt":"2016-12-07T17:17:51","guid":{"rendered":"https:\/\/chord.co.uk\/product\/shawline-digital\/"},"modified":"2020-01-21T11:05:22","modified_gmt":"2020-01-21T11:05:22","slug":"shawline-digital","status":"publish","type":"product","link":"https:\/\/chord.co.uk\/pl\/produkt\/shawline-digital\/","title":{"rendered":"Shawline Digital &#8211; RCA i BNC"},"content":{"rendered":"<p>Kable cyfrowe nie brzmi\u0105 tak samo, a s\u0142uchanie ich nie zajmuje du\u017co czasu. Ws\u0142uchiwanie si\u0119 w szczeg\u00f3\u0142y jest \u015bwietne, ale nie ma sensu s\u0142ysze\u0107 wszystko, co robi\u0105 bas i perkusja, je\u015bli nie robi\u0105 tego razem. Shawline Digital \u0142\u0105czy sp\u00f3jno\u015b\u0107 i szczeg\u00f3\u0142owo\u015b\u0107.<\/p>\n<p>Shawline Digital wykorzystuje konfiguracj\u0119 przewod\u00f3w ARAY, kt\u00f3ra natychmiast odr\u00f3\u017cnia go od wi\u0119kszo\u015bci innych kabli cyfrowych. Podobnie jak inne nasze kable cyfrowe, korzysta on z identycznych przewod\u00f3w dla sygna\u0142u i tzw. \u201epowrotu\u201d. Shawline Digital wykorzystuje posrebrzane izolowane przewody PTFE, otoczone dwuwarstwowym oplotem o wysokiej g\u0119sto\u015bci i os\u0142on\u0105 foliow\u0105, minimalizujacymi zak\u0142\u00f3cenia o wysokiej cz\u0119stotliwo\u015bci. Wp\u0142yw na ten projekt mia\u0142y wysokiej klasy kable cyfrowe, kt\u00f3re wcze\u015bniej opracowali\u015bmy. Naszym celem by\u0142o osi\u0105gni\u0119cie podobnej sp\u00f3jno\u015bci muzycznej, jak\u0105 znamy z naszych najdro\u017cszych konstrukcji. Wi\u0119kszo\u015b\u0107 naszych sprzedawc\u00f3w ma do dyspozycji kable demonstracyjne \u2013 warto ich pos\u0142ucha\u0107.<\/p>\n<p>Shawline jest dost\u0119pny w standardowych d\u0142ugo\u015bciach 0,5 m i 1 m. Niestandardowe d\u0142ugo\u015bci s\u0105 dost\u0119pne na zam\u00f3wienie. Opr\u00f3cz posrebrzanych wtyk\u00f3w Chord VEE 3 RCA mo\u017cemy r\u00f3wnie\u017c dostarczy\u0107 Shawline Digital zako\u0144czony wysokiej jako\u015bci posrebrzanymi wtyczkami BNC.<\/p>\n<p><strong>Certyfikaty Deklaracji W\u0142a\u015bciwo\u015bci U\u017cytkowych (zgodno\u015b\u0107 z CPR) dost\u0119pne tutaj (PDF)<\/strong><\/p>\n","protected":false},"excerpt":{"rendered":"<p>Po wielu nieformalnych sesjach ods\u0142uchowych my\u015blimy (mo\u017ce kontrowersyjnie?), \u017ce kable cyfrowe nie brzmi\u0105 tak samo. Mog\u0105 one wszystkie pokazywa\u0107 wiele szczeg\u00f3\u0142\u00f3w, ale naszym zdaniem pokazywanie wszystkiego, co robi\u0105 b\u0119bny i bas, nie jest do ko\u0144ca dobre, chyba \u017ce tak dok\u0142adnie ich d\u017awi\u0119k zosta\u0142 zapisany. Uwa\u017camy, \u017ce kable Shawline Digital mog\u0105 pom\u00f3c w uzyskaniu czego\u015b wi\u0119cej \u2013 a przynajmniej nie zrobi\u0105 niczego, \u017ceby zaszkodzi\u0107 d\u017awi\u0119kowi, na kt\u00f3rym zale\u017ca\u0142o arty\u015bcie.<\/p>\n","protected":false},"featured_media":27571,"comment_status":"open","ping_status":"closed","template":"","meta":{"_acf_changed":false},"product_brand":[],"product_cat":[2328,2334,2343],"product_tag":[3323,3378,2347,3322,3376,3375,3379,3380,3381],"class_list":{"0":"post-15859","1":"product","2":"type-product","3":"status-publish","4":"has-post-thumbnail","6":"product_cat-interkonekty","7":"product_cat-kable-cyfrowe-i-usb","8":"product_cat-shawline-pl","9":"product_tag-audio-pl","10":"product_tag-bnc-pl","11":"product_tag-chord-company-pl","12":"product_tag-digital-pl","13":"product_tag-interkonekt","14":"product_tag-kabel","15":"product_tag-rca-pl","16":"product_tag-shawline-pl","17":"product_tag-uk-pl","19":"first","20":"instock","21":"shipping-taxable","22":"purchasable","23":"product-type-simple"},"acf":[],"_links":{"self":[{"href":"https:\/\/chord.co.uk\/pl\/wp-json\/wp\/v2\/product\/15859","targetHints":{"allow":["GET"]}}],"collection":[{"href":"https:\/\/chord.co.uk\/pl\/wp-json\/wp\/v2\/product"}],"about":[{"href":"https:\/\/chord.co.uk\/pl\/wp-json\/wp\/v2\/types\/product"}],"replies":[{"embeddable":true,"href":"https:\/\/chord.co.uk\/pl\/wp-json\/wp\/v2\/comments?post=15859"}],"wp:featuredmedia":[{"embeddable":true,"href":"https:\/\/chord.co.uk\/pl\/wp-json\/wp\/v2\/media\/27571"}],"wp:attachment":[{"href":"https:\/\/chord.co.uk\/pl\/wp-json\/wp\/v2\/media?parent=15859"}],"wp:term":[{"taxonomy":"product_brand","embeddable":true,"href":"https:\/\/chord.co.uk\/pl\/wp-json\/wp\/v2\/product_brand?post=15859"},{"taxonomy":"product_cat","embeddable":true,"href":"https:\/\/chord.co.uk\/pl\/wp-json\/wp\/v2\/product_cat?post=15859"},{"taxonomy":"product_tag","embeddable":true,"href":"https:\/\/chord.co.uk\/pl\/wp-json\/wp\/v2\/product_tag?post=15859"}],"curies":[{"name":"wp","href":"https:\/\/api.w.org\/{rel}","templated":true}]}}