{"id":15860,"date":"2016-12-07T17:14:31","date_gmt":"2016-12-07T17:14:31","guid":{"rendered":"https:\/\/chord.co.uk\/product\/shawline-xlr\/"},"modified":"2020-01-21T11:06:03","modified_gmt":"2020-01-21T11:06:03","slug":"shawline-xlr","status":"publish","type":"product","link":"https:\/\/chord.co.uk\/pl\/produkt\/shawline-xlr\/","title":{"rendered":"Shawline &#8211; interkonekt analogowy XLR"},"content":{"rendered":"<p>Shawline jest zbudowany z posrebrzanych przewodnik\u00f3w izolowanych FEP i wykorzystuje kompozytowy materia\u0142 ekranuj\u0105cy, kt\u00f3ry dzia\u0142a w szerokim pa\u015bmie. Analogowy interkonekt Shawline (podobne, jak wszystkie kable Tuned ARAY) wymaga du\u017cej precyzji, kt\u00f3r\u0105 mo\u017cna osi\u0105gn\u0105\u0107 tylko przy starannym, r\u0119cznym monta\u017cu. Jedn\u0105 z jej zalet r\u0119cznego jest te\u017c to, \u017ce pozwala nam dostosowa\u0107 projekty do ko\u0144c\u00f3wek.<\/p>\n<p>Dla Shawline XLR musieli\u015bmy doda\u0107 do projektu kolejny przewodnik. Oznacza to, \u017ce mamy teraz trzy identyczne przewodniki dla wszystkich trzech po\u0142\u0105cze\u0144, a tak\u017ce technologi\u0119 Tuned ARAY. Shawline XLR jest produkowany w dok\u0142adnie takiej konfiguracji przewod\u00f3w, jakiej u\u017cywamy w kablach z serii Signature i oryginalnych kabli Sarum Tuned ARAY XLR.<\/p>\n<p>Wci\u0105\u017c wiele debat toczy si\u0119 (i zawsze b\u0119dzie) na temat tego, czy najlepszym sposobem \u0142\u0105czenia komponent\u00f3w jest kabel XLR czy RCA. Z naszego punktu widzenia jedyn\u0105 sensown\u0105 odpowiedzi\u0105, je\u015bli masz zar\u00f3wno z\u0142\u0105cza XLR, jak i RCA w swoim sprz\u0119cie, jest pos\u0142uchanie ich samemu. Kable Tuned ARAY XLR mog\u0105 by\u0107 dla wielu system\u00f3w prawdziwym prze\u0142omem, warto wi\u0119c wypr\u00f3bowa\u0107 oba rodzaje \u2013 RCA i XLR. B\u0119dziesz zaskoczony!<\/p>\n<p><strong>Certyfikaty Deklaracji W\u0142a\u015bciwo\u015bci U\u017cytkowych (zgodno\u015b\u0107 z CPR) dost\u0119pne tutaj (PDF)<\/strong><\/p>\n","protected":false},"excerpt":{"rendered":"<p>Wszystkie kable Tuned ARAY wymagaj\u0105 wysokiego stopnia precyzji, kt\u00f3ry mo\u017cna osi\u0105gn\u0105\u0107 tylko przy starannym r\u0119cznym monta\u017cu. Zalet\u0105 tego procesu jest to, \u017ce pozwala nam doda\u0107 dodatkowe przewodniki potrzebne do zbudowania tego wyj\u0105tkowego kabla XLR.<\/p>\n","protected":false},"featured_media":24620,"comment_status":"open","ping_status":"closed","template":"","meta":{"_acf_changed":false},"product_brand":[],"product_cat":[2331,2328,2343],"product_tag":[],"class_list":{"0":"post-15860","1":"product","2":"type-product","3":"status-publish","4":"has-post-thumbnail","6":"product_cat-analogowe-xlr","7":"product_cat-interkonekty","8":"product_cat-shawline-pl","10":"first","11":"instock","12":"shipping-taxable","13":"purchasable","14":"product-type-simple"},"acf":[],"_links":{"self":[{"href":"https:\/\/chord.co.uk\/pl\/wp-json\/wp\/v2\/product\/15860","targetHints":{"allow":["GET"]}}],"collection":[{"href":"https:\/\/chord.co.uk\/pl\/wp-json\/wp\/v2\/product"}],"about":[{"href":"https:\/\/chord.co.uk\/pl\/wp-json\/wp\/v2\/types\/product"}],"replies":[{"embeddable":true,"href":"https:\/\/chord.co.uk\/pl\/wp-json\/wp\/v2\/comments?post=15860"}],"wp:featuredmedia":[{"embeddable":true,"href":"https:\/\/chord.co.uk\/pl\/wp-json\/wp\/v2\/media\/24620"}],"wp:attachment":[{"href":"https:\/\/chord.co.uk\/pl\/wp-json\/wp\/v2\/media?parent=15860"}],"wp:term":[{"taxonomy":"product_brand","embeddable":true,"href":"https:\/\/chord.co.uk\/pl\/wp-json\/wp\/v2\/product_brand?post=15860"},{"taxonomy":"product_cat","embeddable":true,"href":"https:\/\/chord.co.uk\/pl\/wp-json\/wp\/v2\/product_cat?post=15860"},{"taxonomy":"product_tag","embeddable":true,"href":"https:\/\/chord.co.uk\/pl\/wp-json\/wp\/v2\/product_tag?post=15860"}],"curies":[{"name":"wp","href":"https:\/\/api.w.org\/{rel}","templated":true}]}}