{"id":15861,"date":"2016-12-01T10:44:46","date_gmt":"2016-12-01T10:44:46","guid":{"rendered":"https:\/\/chord.co.uk\/product\/shawline-din\/"},"modified":"2020-01-21T11:06:54","modified_gmt":"2020-01-21T11:06:54","slug":"shawline-din","status":"publish","type":"product","link":"https:\/\/chord.co.uk\/pl\/produkt\/shawline-din\/","title":{"rendered":"Shawline &#8211; interkonekt analogowy DIN"},"content":{"rendered":"<p>W\u0142a\u015bciciele elektroniki Naim Audio maj\u0105 wiele mo\u017cliwo\u015bci modernizacji swoich kabli, ale model Shawline DIN b\u0119dzie dla ka\u017cdego mi\u0142o\u015bnika muzyki jednym z najbardziej op\u0142acalnych i satysfakcjonuj\u0105cych muzycznie krok\u00f3w do przodu.<\/p>\n<p>Najwi\u0119cej wyraz\u00f3w uznania dla naszych debiutanckich kabli Tuned i Super ARAY pochodzi\u0142o w\u0142a\u015bnie od w\u0142a\u015bcicieli urz\u0105dze\u0144 Naim Audio. Przejrzysto\u015b\u0107, sp\u00f3jny transfer sygna\u0142u, znakomita redukcja zak\u0142\u00f3ce\u0144 i wyra\u017any spadek poziomu szum\u00f3w pozwoli\u0142y im s\u0142ysze\u0107, jak dobre mog\u0105 by\u0107 ich systemy. Podczas gdy wersje Signature i Sarum DIN dzia\u0142a\u0142y cuda na wszystkich poziomach cenowych system\u00f3w Naim Audio, oczekiwanie, \u017ce kto\u015b wyda na kabel wi\u0119cej ni\u017c na wzmacniacz, niezale\u017cnie od tego, jak dobrze by zagra\u0142, nie mia\u0142o wi\u0119kszego sensu (z jednym wyj\u0105tkiem) \u2013 dop\u00f3ki nie pojawi\u0142 si\u0119 Shawline Analogue DIN.<\/p>\n<p>Shawline Analogue DIN (podobnie jak wszystkie kable Tuned ARAY) wymaga wysokiego stopnia precyzji, kt\u00f3ry mo\u017cna osi\u0105gn\u0105\u0107 tylko przy starannym r\u0119cznym monta\u017cu. Shawline jest zbudowany z izolowanych FEP, posrebrzanych przewod\u00f3w i wykorzystuje kompozytowy materia\u0142 ekranuj\u0105cy, kt\u00f3ry dzia\u0142a w szerokim pa\u015bmie, a tak\u017ce redukuje indukowany mechanicznie szum.<\/p>\n<p>Shawline Analogue DIN jest dost\u0119pny w konfiguracjach DIN na DIN, RCA na DIN i XLR na DIN (SNAIC). Wszystkie oparte s\u0105 o nasz\u0105 unikaln\u0105 technologi\u0119 Tuned ARAY i wszystkie mog\u0105 poprawi\u0107 d\u017awi\u0119k wzmacniaczy, odtwarzaczy i urz\u0105dze\u0144 cyfrowych produkt\u00f3w Naim Audio ze \u015bredniej p\u00f3\u0142ki cenowej w taki sam spos\u00f3b, jak Sarum i Signature w najdro\u017cszych systemach.<\/p>\n<p>Kable Shord firmy DIN firmy Chord mog\u0105 by\u0107 dostarczone z 4-pinowymi lub 5-pinowymi posrebrzanymi wtyczkami DIN w wariantach metalowych, plastikowych (Quad) lub Preh z pier\u015bcieniem blokuj\u0105cym (Naim Audio). Dost\u0119pne s\u0105 w standardowej d\u0142ugo\u015bci 1 m, ale dost\u0119pne s\u0105 r\u00f3wnie\u017c d\u0142u\u017csze wersje we wszystkich konfiguracjach.<\/p>\n<p><strong>Certyfikaty Deklaracji W\u0142a\u015bciwo\u015bci U\u017cytkowych (zgodno\u015b\u0107 z CPR) dost\u0119pne tutaj (PDF)<\/strong><\/p>\n","protected":false},"excerpt":{"rendered":"<p>W\u0142a\u015bciciele Naim Audio maj\u0105 wiele mo\u017cliwo\u015bci poprawy d\u017awi\u0119ku, ale to kable Shawline DIN firmy Chord Company b\u0119d\u0105 dla ka\u017cdego melomana jednym z najbardziej op\u0142acalnych i muzycznie satysfakcjonuj\u0105cych krok\u00f3w, kt\u00f3re mo\u017cna wykona\u0107.<\/p>\n","protected":false},"featured_media":24608,"comment_status":"open","ping_status":"closed","template":"","meta":{"_acf_changed":false},"product_brand":[],"product_cat":[2329,2328,2343],"product_tag":[3397,3396,3394,3395,3399],"class_list":{"0":"post-15861","1":"product","2":"type-product","3":"status-publish","4":"has-post-thumbnail","6":"product_cat-analogowe-din","7":"product_cat-interkonekty","8":"product_cat-shawline-pl","9":"product_tag-4-pinowy","10":"product_tag-5-pinowy","11":"product_tag-din-pl","12":"product_tag-naim-audio-pl","13":"product_tag-preh-pl","15":"first","16":"instock","17":"shipping-taxable","18":"purchasable","19":"product-type-simple"},"acf":[],"_links":{"self":[{"href":"https:\/\/chord.co.uk\/pl\/wp-json\/wp\/v2\/product\/15861","targetHints":{"allow":["GET"]}}],"collection":[{"href":"https:\/\/chord.co.uk\/pl\/wp-json\/wp\/v2\/product"}],"about":[{"href":"https:\/\/chord.co.uk\/pl\/wp-json\/wp\/v2\/types\/product"}],"replies":[{"embeddable":true,"href":"https:\/\/chord.co.uk\/pl\/wp-json\/wp\/v2\/comments?post=15861"}],"wp:featuredmedia":[{"embeddable":true,"href":"https:\/\/chord.co.uk\/pl\/wp-json\/wp\/v2\/media\/24608"}],"wp:attachment":[{"href":"https:\/\/chord.co.uk\/pl\/wp-json\/wp\/v2\/media?parent=15861"}],"wp:term":[{"taxonomy":"product_brand","embeddable":true,"href":"https:\/\/chord.co.uk\/pl\/wp-json\/wp\/v2\/product_brand?post=15861"},{"taxonomy":"product_cat","embeddable":true,"href":"https:\/\/chord.co.uk\/pl\/wp-json\/wp\/v2\/product_cat?post=15861"},{"taxonomy":"product_tag","embeddable":true,"href":"https:\/\/chord.co.uk\/pl\/wp-json\/wp\/v2\/product_tag?post=15861"}],"curies":[{"name":"wp","href":"https:\/\/api.w.org\/{rel}","templated":true}]}}