{"id":15862,"date":"2016-12-01T10:40:56","date_gmt":"2016-12-01T10:40:56","guid":{"rendered":"https:\/\/chord.co.uk\/product\/shawline-analogue-rca\/"},"modified":"2020-01-21T11:08:08","modified_gmt":"2020-01-21T11:08:08","slug":"shawline-analogue-rca","status":"publish","type":"product","link":"https:\/\/chord.co.uk\/pl\/produkt\/shawline-analogue-rca\/","title":{"rendered":"Shawline &#8211; interkonekt analogowy RCA"},"content":{"rendered":"<p>Pierwsze kable Tuned ARAY zosta\u0142y opracowane przy u\u017cyciu naszej sztandarowej serii kabli Sarum. Kable analogowe Shawline wykorzystuj\u0105 t\u0119 sam\u0105 geometri\u0119 Tuned ARAY. Charakteryzuj\u0105 si\u0119 one niezwykle wysokim stopniem przejrzysto\u015bci \u2013 Shawline Analogue pokazuje to z now\u0105 generacja przetwornik\u00f3w D\/A, odtwarzaczy CD i streamer\u00f3w, kt\u00f3re zapewniaj\u0105 bardzo dobry d\u017awi\u0119k w bardzo przyst\u0119pnych cenach.<\/p>\n<p>Wyzwania zwi\u0105zane z produkcj\u0105 Shawline Analogue polega na tym, \u017ce wszystkie kable Tuned ARAY wymagaj\u0105 wysokiego stopnia precyzji, kt\u00f3ry mo\u017cna osi\u0105gn\u0105\u0107 tylko dzi\u0119ki starannemu, r\u0119cznemu monta\u017cowi. Shawline jest zbudowany z posrebrzanych przewod\u00f3w, izolowanych FEP i wykorzystuje kompozytowy materia\u0142 ekranuj\u0105cy, kt\u00f3ry dzia\u0142a w szerokim pa\u015bmie, a tak\u017ce redukuje szum mechaniczny. Kabel jest montowany w elastycznym plastikowym p\u0142aszczu zewn\u0119trznym, wybranym w celu dalszej redukcji szumu mechanicznego, w raz z zewn\u0119trznym oplotem ochronnym.<\/p>\n<p>Kable RCA Shawline Analogue s\u0105 standardowo przystosowane do gramofon\u00f3w.<\/p>\n<p>Wtyczki RCA to model Chord VEE3 &#8211; s\u0105 one bezpo\u015brednio posrebrzane, co poprawia przesy\u0142 sygna\u0142u. Mo\u017cemy zako\u0144czy\u0107 Shawline Analogue r\u00f3wnie\u017c za pomoc\u0105 wtyczek DIN, a dodaj\u0105c dodatkowe przewodniki, mo\u017cemy zaoferowa\u0107 wyj\u0105tkowy kabel Shawline XLR. Standardowa d\u0142ugo\u015b\u0107 wynosi 1 m, niestandardowe d\u0142ugo\u015bci s\u0105 dost\u0119pne na zam\u00f3wienie.<\/p>\n<p><strong>Certyfikaty Deklaracji W\u0142a\u015bciwo\u015bci U\u017cytkowych (zgodno\u015b\u0107 z CPR) dost\u0119pne tutaj (PDF)<\/strong><\/p>\n","protected":false},"excerpt":{"rendered":"<p>Kable Shawline Analogue RCA wykorzystuj\u0105 t\u0119 sam\u0105 geometri\u0119 przewodnika, co wielokrotnie nagradzana seria Sarum Tuned ARAY, zapewniaj\u0105c im w ten spos\u00f3b przezroczysto\u015b\u0107 i sp\u00f3jno\u015b\u0107 i umo\u017cliwiaj\u0105c wykorzystanie potencja\u0142u przetwornik\u00f3w D\/A, odtwarzaczy CD i streamer\u00f3w.<\/p>\n","protected":false},"featured_media":24616,"comment_status":"open","ping_status":"closed","template":"","meta":{"_acf_changed":false},"product_brand":[],"product_cat":[2330,2328,2343],"product_tag":[],"class_list":{"0":"post-15862","1":"product","2":"type-product","3":"status-publish","4":"has-post-thumbnail","6":"product_cat-analogowe-rca","7":"product_cat-interkonekty","8":"product_cat-shawline-pl","10":"first","11":"instock","12":"shipping-taxable","13":"purchasable","14":"product-type-simple"},"acf":[],"_links":{"self":[{"href":"https:\/\/chord.co.uk\/pl\/wp-json\/wp\/v2\/product\/15862","targetHints":{"allow":["GET"]}}],"collection":[{"href":"https:\/\/chord.co.uk\/pl\/wp-json\/wp\/v2\/product"}],"about":[{"href":"https:\/\/chord.co.uk\/pl\/wp-json\/wp\/v2\/types\/product"}],"replies":[{"embeddable":true,"href":"https:\/\/chord.co.uk\/pl\/wp-json\/wp\/v2\/comments?post=15862"}],"wp:featuredmedia":[{"embeddable":true,"href":"https:\/\/chord.co.uk\/pl\/wp-json\/wp\/v2\/media\/24616"}],"wp:attachment":[{"href":"https:\/\/chord.co.uk\/pl\/wp-json\/wp\/v2\/media?parent=15862"}],"wp:term":[{"taxonomy":"product_brand","embeddable":true,"href":"https:\/\/chord.co.uk\/pl\/wp-json\/wp\/v2\/product_brand?post=15862"},{"taxonomy":"product_cat","embeddable":true,"href":"https:\/\/chord.co.uk\/pl\/wp-json\/wp\/v2\/product_cat?post=15862"},{"taxonomy":"product_tag","embeddable":true,"href":"https:\/\/chord.co.uk\/pl\/wp-json\/wp\/v2\/product_tag?post=15862"}],"curies":[{"name":"wp","href":"https:\/\/api.w.org\/{rel}","templated":true}]}}