{"id":15863,"date":"2016-12-01T09:12:18","date_gmt":"2016-12-01T09:12:18","guid":{"rendered":"https:\/\/chord.co.uk\/product\/clearway-speaker-cable\/"},"modified":"2019-10-24T09:58:17","modified_gmt":"2019-10-24T08:58:17","slug":"clearway-speaker-cable","status":"publish","type":"product","link":"https:\/\/chord.co.uk\/pl\/produkt\/clearway-speaker-cable\/","title":{"rendered":"Clearway &#8211; kabel g\u0142o\u015bnikowy"},"content":{"rendered":"<p>Wysoka jako\u015b\u0107 w dobrej cenie. Kabel g\u0142o\u015bnikowy Clearway firmy Chord otrzyma\u0142 Nagrod\u0119 Roku magazynu \u201eWhat Hi-Fi?\u201d za najlepszy kabel g\u0142o\u015bnikowy w latach 2015, 2016 i 2017. Wykorzystuje on sprytn\u0105 kombinacj\u0119 materia\u0142\u00f3w, daj\u0105c\u0105 kabel g\u0142o\u015bnikowy o d\u017awi\u0119ku, za kt\u00f3ry trzeba zwykle zap\u0142aci\u0107 znacznie wi\u0119cej!<\/p>\n<p>Clearway korzysta z 14-\u017cy\u0142owych beztlenowych miedzianych przewod\u00f3w AWG 14 &#8211; wystarczaj\u0105co grubych, aby zapewni\u0107 kontrol\u0119 i definicj\u0119 zar\u00f3wno z kolumnami podstawkowymi, jak i du\u017cymi g\u0142o\u015bnikami pod\u0142ogowymi. Izolacja to FEP, kt\u00f3ry ma bardzo podobne w\u0142a\u015bciwo\u015bci do PTFE. Wyb\u00f3r izolacji ma ogromny wp\u0142yw na d\u017awi\u0119k kabla g\u0142o\u015bnikowego, a FEP przyczynia si\u0119 do neutralno\u015bci brzmienia kabla Clearway. Inne rodzaje izolacji cz\u0119sto powoduj\u0105 niepo\u017c\u0105dane zmiany barwy, podczas gdy muzyka powinna by\u0107 pe\u0142na kolor\u00f3w. Przewody maj\u0105 posta\u0107 skr\u0119tki, na kt\u00f3rej naniesiony zosta\u0142 mi\u0119kki p\u0142aszcz wewn\u0119trzny z PCV, kt\u00f3ry pomaga zminimalizowa\u0107 szum mechaniczny, a tak\u017ce rozdziela podw\u00f3jne ekranowane.<\/p>\n<p>Ekranowanie kabla g\u0142o\u015bnikowego wprowadza do brzmienia subtelne niuanse, dzi\u0119ki kt\u00f3rym muzyka o\u017cywa. Clearway mo\u017ce zmieni\u0107 brzmienie twojego systemu, szczeg\u00f3lnie je\u015bli chodzi o jego sp\u00f3jno\u015b\u0107 i rytmiczno\u015b\u0107. Pozwoli ci to zanurzy\u0107 si\u0119 w twoj\u0105 ulubion\u0105 muzyk\u0119.<\/p>\n<p>Kable dost\u0119pne s\u0105 w zako\u0144czonych parach. Wi\u0119kszo\u015b\u0107 naszych dealer\u00f3w ma dost\u0119pne zestawy demonstracyjne, wystarczy wi\u0119c, \u017ce po\u015bwi\u0119cisz czas na ich ods\u0142uchanie.<\/p>\n","protected":false},"excerpt":{"rendered":"<p>\u201eWhat Hi-Fi?\u201d &#8211; zdobywca Nagrody Roku za lata 2015, 2016, 2017. Kabel g\u0142o\u015bnikowy Clearway brzmi w spos\u00f3b, dzi\u0119ki kt\u00f3remu muzyka jest niezwykle wci\u0105gaj\u0105ca. Prezentuje dynamik\u0119, barw\u0119 i detale muzyczne z dok\u0142adno\u015bci\u0105, kt\u00f3ra zamienia dobry system w system wyj\u0105tkowy.<\/p>\n","protected":false},"featured_media":19007,"comment_status":"open","ping_status":"closed","template":"","meta":{"_acf_changed":false},"product_brand":[],"product_cat":[2340,2336],"product_tag":[],"class_list":{"0":"post-15863","1":"product","2":"type-product","3":"status-publish","4":"has-post-thumbnail","6":"product_cat-clearway-pl","7":"product_cat-kable-glosnikowe","9":"first","10":"instock","11":"shipping-taxable","12":"purchasable","13":"product-type-simple"},"acf":[],"_links":{"self":[{"href":"https:\/\/chord.co.uk\/pl\/wp-json\/wp\/v2\/product\/15863","targetHints":{"allow":["GET"]}}],"collection":[{"href":"https:\/\/chord.co.uk\/pl\/wp-json\/wp\/v2\/product"}],"about":[{"href":"https:\/\/chord.co.uk\/pl\/wp-json\/wp\/v2\/types\/product"}],"replies":[{"embeddable":true,"href":"https:\/\/chord.co.uk\/pl\/wp-json\/wp\/v2\/comments?post=15863"}],"wp:featuredmedia":[{"embeddable":true,"href":"https:\/\/chord.co.uk\/pl\/wp-json\/wp\/v2\/media\/19007"}],"wp:attachment":[{"href":"https:\/\/chord.co.uk\/pl\/wp-json\/wp\/v2\/media?parent=15863"}],"wp:term":[{"taxonomy":"product_brand","embeddable":true,"href":"https:\/\/chord.co.uk\/pl\/wp-json\/wp\/v2\/product_brand?post=15863"},{"taxonomy":"product_cat","embeddable":true,"href":"https:\/\/chord.co.uk\/pl\/wp-json\/wp\/v2\/product_cat?post=15863"},{"taxonomy":"product_tag","embeddable":true,"href":"https:\/\/chord.co.uk\/pl\/wp-json\/wp\/v2\/product_tag?post=15863"}],"curies":[{"name":"wp","href":"https:\/\/api.w.org\/{rel}","templated":true}]}}