{"id":15864,"date":"2016-12-01T09:07:55","date_gmt":"2016-12-01T09:07:55","guid":{"rendered":"https:\/\/chord.co.uk\/product\/clearway-digital\/"},"modified":"2020-01-21T11:12:27","modified_gmt":"2020-01-21T11:12:27","slug":"clearway-digital","status":"publish","type":"product","link":"https:\/\/chord.co.uk\/pl\/produkt\/clearway-digital\/","title":{"rendered":"Clearway Digital RCA\/BNC"},"content":{"rendered":"<p>Pierwszym opracowanym przez nas kablem Tuned ARAY by\u0142 Chord Sarum Digital. Kiedy us\u0142yszeli\u015bmy, co potrafi, wykorzysta; wykorzystali\u015bmy ten pomys\u0142 i opracowali\u015bmy jego wersj\u0119 dla kabli analogowych i zasilaj\u0105cych. Kable cyfrowe nie maj\u0105 znaczenia? Naprawd\u0119? To prawda, \u017ce \u200b\u200bwiele kabli cyfrowych ma konstrukcj\u0119 koncentryczn\u0105 (75 om\u00f3w). Tuned ARAY jest inny \u2013 to unikalna konfiguracja przewod\u00f3w, a Clearway Digital wykorzystuje t\u0119 sam\u0105 geometri\u0119 Tuned Conductor co oryginalny Sarum Digital. To sprawia, \u017ce \u200b\u200bto wyj\u0105tkowy kabel cyfrowy, kt\u00f3rego po prostu trzeba pos\u0142ucha\u0107. I niekoniecznie chodzi o detale, kt\u00f3rych szukasz \u2013 o wiele \u0142atwiejsza do us\u0142yszenia b\u0119dzie jego sp\u00f3jno\u015b\u0107 i muzykalno\u015b\u0107.<\/p>\n<p>Clearway Digital mo\u017cna wyposa\u017cy\u0107 w nasze posrebrzane wtyki VEE 3 RCA, posrebrzane z\u0142\u0105cza BNC i\/lub mono-mini-jack, kt\u00f3re pasuj\u0105 do miniaturowych przetwornik\u00f3w DAC.<\/p>\n<p>Standardowa d\u0142ugo\u015b\u0107 wynosi 1 m, niestandardowe d\u0142ugo\u015bci dost\u0119pne na zam\u00f3wienie.<\/p>\n<p><strong>Certyfikaty Deklaracji W\u0142a\u015bciwo\u015bci U\u017cytkowych (zgodno\u015b\u0107 z CPR) dost\u0119pne tutaj (PDF)<\/strong><\/p>\n","protected":false},"excerpt":{"rendered":"<p>Firma Chord Clearway korzysta z konfiguracji Tuned ARAY opracowanej dla oryginalnego kabla cyfrowego Sarum. Podobnie jak nasze inne kable Tuned ARAY, poprawa jako\u015bci d\u017awi\u0119ku mo\u017ce by\u0107 zaskakuj\u0105ca. Dost\u0119pny z wtykami RCA lub BNC.<\/p>\n","protected":false},"featured_media":27579,"comment_status":"open","ping_status":"closed","template":"","meta":{"_acf_changed":false},"product_brand":[],"product_cat":[2340,2328,2334],"product_tag":[3323,3378,2347,3384,3322,3374,3383,3379,3382],"class_list":{"0":"post-15864","1":"product","2":"type-product","3":"status-publish","4":"has-post-thumbnail","6":"product_cat-clearway-pl","7":"product_cat-interkonekty","8":"product_cat-kable-cyfrowe-i-usb","9":"product_tag-audio-pl","10":"product_tag-bnc-pl","11":"product_tag-chord-company-pl","12":"product_tag-clearway-pl","13":"product_tag-digital-pl","14":"product_tag-hi-fi-pl","15":"product_tag-koaksjalny","16":"product_tag-rca-pl","17":"product_tag-wtyk-rca","19":"first","20":"instock","21":"shipping-taxable","22":"purchasable","23":"product-type-simple"},"acf":[],"_links":{"self":[{"href":"https:\/\/chord.co.uk\/pl\/wp-json\/wp\/v2\/product\/15864","targetHints":{"allow":["GET"]}}],"collection":[{"href":"https:\/\/chord.co.uk\/pl\/wp-json\/wp\/v2\/product"}],"about":[{"href":"https:\/\/chord.co.uk\/pl\/wp-json\/wp\/v2\/types\/product"}],"replies":[{"embeddable":true,"href":"https:\/\/chord.co.uk\/pl\/wp-json\/wp\/v2\/comments?post=15864"}],"wp:featuredmedia":[{"embeddable":true,"href":"https:\/\/chord.co.uk\/pl\/wp-json\/wp\/v2\/media\/27579"}],"wp:attachment":[{"href":"https:\/\/chord.co.uk\/pl\/wp-json\/wp\/v2\/media?parent=15864"}],"wp:term":[{"taxonomy":"product_brand","embeddable":true,"href":"https:\/\/chord.co.uk\/pl\/wp-json\/wp\/v2\/product_brand?post=15864"},{"taxonomy":"product_cat","embeddable":true,"href":"https:\/\/chord.co.uk\/pl\/wp-json\/wp\/v2\/product_cat?post=15864"},{"taxonomy":"product_tag","embeddable":true,"href":"https:\/\/chord.co.uk\/pl\/wp-json\/wp\/v2\/product_tag?post=15864"}],"curies":[{"name":"wp","href":"https:\/\/api.w.org\/{rel}","templated":true}]}}