{"id":15865,"date":"2023-08-04T09:00:21","date_gmt":"2023-08-04T08:00:21","guid":{"rendered":"https:\/\/chord.co.uk\/product\/clearway-analogue-subwoofer-cable\/"},"modified":"2020-01-21T11:10:39","modified_gmt":"2020-01-21T11:10:39","slug":"clearway-analogue-subwoofer-cable","status":"publish","type":"product","link":"https:\/\/chord.co.uk\/pl\/produkt\/clearway-analogue-subwoofer-cable\/","title":{"rendered":"Clearway Analogue &#8211; kabel subwooferowy"},"content":{"rendered":"<p>Specjalnie dla tego projektu si\u0119gn\u0119li\u015bmy po kabel z linii C i zmodernizowali\u015bmy wszystkie jego materia\u0142y tak, aby uzyska\u0107 wyj\u0105tkowy stosunek jako\u015bci do ceny w r\u0119cznie produkowanym, wysokiej jako\u015bci interkonekcie analogowym.<\/p>\n<p>Interkonekt Clearway wykorzystuje t\u0119 sam\u0105 geometri\u0119 przewodnika ARAY, kt\u00f3r\u0105 po raz pierwszy zastosowali\u015bmy w serii Chord C-line, i poprawili\u015bmy wszystkie materia\u0142y \u2013 przewody ARAY s\u0105 teraz wykonywane z grubszej miedzi beztlenowej, izolacja zosta\u0142a zmieniona na FEP, a ekranowanie to dwuwarstwowa konstrukcja z grubej folii.<\/p>\n<p>Jedn\u0105 z najszybciej zauwa\u017calnych zmian, w kt\u00f3rych kable ARAY i Tuned ARAY naprawd\u0119 b\u0142yszcz\u0105, jest brzmienie basu. Kontrola i definicja, kt\u00f3re wprowadzaj\u0105, s\u0105 zauwa\u017calne niemal natychmiast. Mamy lepsz\u0105 dynamik\u0119, \u0142adniejsz\u0105 barw\u0119 i znacznie lepsz\u0105 sp\u00f3jno\u015b\u0107. Dzi\u0119ki temu kable ARAY i Tuned ARAY s\u0105 wyj\u0105tkowo dobrym wyborem przy po\u0142\u0105czeniu subwoofer\u00f3w \u2013 szczeg\u00f3lnie, je\u015bli u\u017cywasz subwoofera do odtwarzania zar\u00f3wno muzyki, jak i kina domowego.<\/p>\n<p>Bior\u0105c pod uwag\u0119 jego koszt i wydajno\u015b\u0107 na d\u0142u\u017cszych kablach, uwa\u017camy, \u017ce kabel subwoofera Clearway to idealny kompromis mi\u0119dzy kosztem a wydajno\u015bci\u0105.<\/p>\n<p>Kabel subwoofera Clearway jest dost\u0119pny z posrebrzanymi wtyczkami RCA Chord VEE 3 i posrebrzanymi z\u0142\u0105czami XLR Neutrik. Standardowe d\u0142ugo\u015bci to 3 m i 5 m, a niestandardowe d\u0142ugo\u015bci dost\u0119pne s\u0105 na zam\u00f3wienie.<\/p>\n<p><strong>Certyfikaty Deklaracji W\u0142a\u015bciwo\u015bci U\u017cytkowych (zgodno\u015b\u0107 z CPR) dost\u0119pne tutaj (PDF)<\/strong><\/p>\n","protected":false},"excerpt":{"rendered":"<p>Dedykowany kabel do subwoofera. Dost\u0119pne s\u0105 w d\u0142ugo\u015bciach 3 m, 5 m oraz w niestandardowych d\u0142ugo\u015bciach i z innymi zako\u0144czeniami na zam\u00f3wienie. Zaprojektowany, aby uzupe\u0142ni\u0107 gam\u0119 Clearway i poprawi\u0107 brzmienie dowolnego systemu wielokana\u0142owego. Dzi\u0119ki geometrii ARAY i Tuned ARAY\u200b\u200b Clearway jest doskona\u0142ym wyborem dla subwoofer\u00f3w.<\/p>\n","protected":false},"featured_media":17892,"comment_status":"open","ping_status":"closed","template":"","meta":{"_acf_changed":false},"product_brand":[],"product_cat":[2340,2328,2332],"product_tag":[3323,3387,2347,3384,3389,3388,3374,3375,3386,3385],"class_list":{"0":"post-15865","1":"product","2":"type-product","3":"status-publish","4":"has-post-thumbnail","6":"product_cat-clearway-pl","7":"product_cat-interkonekty","8":"product_cat-kable-subwooferowe","9":"product_tag-audio-pl","10":"product_tag-bas","11":"product_tag-chord-company-pl","12":"product_tag-clearway-pl","13":"product_tag-czestotliwosc","14":"product_tag-fs","15":"product_tag-hi-fi-pl","16":"product_tag-kabel","17":"product_tag-sub-pl","18":"product_tag-subwoofer-pl","20":"first","21":"instock","22":"shipping-taxable","23":"purchasable","24":"product-type-simple"},"acf":[],"_links":{"self":[{"href":"https:\/\/chord.co.uk\/pl\/wp-json\/wp\/v2\/product\/15865","targetHints":{"allow":["GET"]}}],"collection":[{"href":"https:\/\/chord.co.uk\/pl\/wp-json\/wp\/v2\/product"}],"about":[{"href":"https:\/\/chord.co.uk\/pl\/wp-json\/wp\/v2\/types\/product"}],"replies":[{"embeddable":true,"href":"https:\/\/chord.co.uk\/pl\/wp-json\/wp\/v2\/comments?post=15865"}],"wp:featuredmedia":[{"embeddable":true,"href":"https:\/\/chord.co.uk\/pl\/wp-json\/wp\/v2\/media\/17892"}],"wp:attachment":[{"href":"https:\/\/chord.co.uk\/pl\/wp-json\/wp\/v2\/media?parent=15865"}],"wp:term":[{"taxonomy":"product_brand","embeddable":true,"href":"https:\/\/chord.co.uk\/pl\/wp-json\/wp\/v2\/product_brand?post=15865"},{"taxonomy":"product_cat","embeddable":true,"href":"https:\/\/chord.co.uk\/pl\/wp-json\/wp\/v2\/product_cat?post=15865"},{"taxonomy":"product_tag","embeddable":true,"href":"https:\/\/chord.co.uk\/pl\/wp-json\/wp\/v2\/product_tag?post=15865"}],"curies":[{"name":"wp","href":"https:\/\/api.w.org\/{rel}","templated":true}]}}