{"id":15866,"date":"2016-12-01T09:03:50","date_gmt":"2016-12-01T09:03:50","guid":{"rendered":"https:\/\/chord.co.uk\/product\/clearway-analogue-xlr\/"},"modified":"2020-01-21T11:13:42","modified_gmt":"2020-01-21T11:13:42","slug":"clearway-analogue-xlr","status":"publish","type":"product","link":"https:\/\/chord.co.uk\/pl\/produkt\/clearway-analogue-xlr\/","title":{"rendered":"Clearway Analogue &#8211; interkonekt XLR"},"content":{"rendered":"<p>Wzi\u0119li\u015bmy projekt z serii C-line i zmodernizowali\u015bmy wszystkie materia\u0142y tak, aby uzyska\u0107 wyj\u0105tkowy stosunek jako\u015bci do ceny w r\u0119cznie produkowanym, wysokiej jako\u015bci interkonekcie analogowym.<\/p>\n<p>Interkonekt Clearway wykorzystuje t\u0119 sam\u0105 geometri\u0119 przewodnika ARAY, kt\u00f3r\u0105 po raz pierwszy zastosowali\u015bmy na linii Chord C-line, ale poprawili\u015bmy wszystkie materia\u0142y: przewody w geometrii ARAY s\u0105 teraz wykonane z grubszej miedzi beztlenowej, izolacja zosta\u0142a zmieniona na FEP, a ekranowanie to dwuwarstwowa konstrukcja z grubej folii.<\/p>\n<p>Zmiany oznaczaj\u0105, \u017ce Clearway pokazuje wi\u0119cej muzycznych szczeg\u00f3\u0142\u00f3w. Lepsza jest dynamika, instrumenty i g\u0142osy brzmi\u0105 bardziej realistycznie, lepsza jest r\u00f3wnie\u017c definicja. Clearway pozwoli Ci mocniej zaanga\u017cowa\u0107 si\u0119 w muzyk\u0119, kt\u00f3rej s\u0142uchasz. W tej chwili kable musz\u0105 by\u0107 lepsze ni\u017c kiedykolwiek wcze\u015bniej, poniewa\u017c do dyspozycji mamy przyst\u0119pne cenowo gramofony i odtwarzacze cyfrowe, kt\u00f3re zapewniaj\u0105 odtwarzanie muzyki z niezwyk\u0142\u0105 sp\u00f3jno\u015bci\u0105. Skok w jako\u015bci d\u017awi\u0119ku w ci\u0105gu ostatnich kilku latach by\u0142 niesamowity, zw\u0142aszcza w odniesieniu do ta\u0144szego sprz\u0119tu. Systemy te potrzebuj\u0105 nowej generacji kabli, kt\u00f3re b\u0119d\u0105 w stanie przenosi\u0107 sygna\u0142 ze sp\u00f3jno\u015bci\u0105, kt\u00f3r\u0105 oferuj\u0105 nowe odtwarzacze cyfrowe i gramofony.<\/p>\n<p>Konstrukcja kabla analogowego Clearway oznacza, \u017ce \u200b\u200bmo\u017cemy w nim dostosowa\u0107 konfiguracj\u0119 ARAY, uzyskuj\u0105c wyj\u0105tkowo dobry kabel XLR. Konstrukcja ta pozwala na stosowanie identycznych przewod\u00f3w dla po\u0142\u0105cze\u0144 dodatnich, ujemnych i masy. Pozwala nam to zaoferowa\u0107 wyj\u0105tkowo neutralny i muzycznie przezroczysty kabel Clearway Analogue XLR. Analog Clearway jest wyposa\u017cony w posrebrzane wtyki XLR Neutrik. Standardowe d\u0142ugo\u015bci to 1 m i 0,5 m, niestandardowe d\u0142ugo\u015bci dost\u0119pne na zam\u00f3wienie.<\/p>\n<p><strong>Certyfikaty Deklaracji W\u0142a\u015bciwo\u015bci U\u017cytkowych (zgodno\u015b\u0107 z CPR) dost\u0119pne tutaj (PDF)<\/strong><\/p>\n","protected":false},"excerpt":{"rendered":"<p>Konstrukcja kabla analogowego Clearway oznacza, \u017ce \u200b\u200bmo\u017cemy dostosowa\u0107 konfiguracj\u0119 ARRAY z ko\u0144c\u00f3wkami XLR. Zastosowali\u015bmy w nim trzy identyczne przewody, tworz\u0105c neutralny i muzykalny kabel XLR.<\/p>\n","protected":false},"featured_media":24742,"comment_status":"open","ping_status":"closed","template":"","meta":{"_acf_changed":false},"product_brand":[],"product_cat":[2331,2340,2328],"product_tag":[3391,3392,3323,2347,3384,3374,3375,3390,3393],"class_list":{"0":"post-15866","1":"product","2":"type-product","3":"status-publish","4":"has-post-thumbnail","6":"product_cat-analogowe-xlr","7":"product_cat-clearway-pl","8":"product_cat-interkonekty","9":"product_tag-3-pinowy","10":"product_tag-analogowy","11":"product_tag-audio-pl","12":"product_tag-chord-company-pl","13":"product_tag-clearway-pl","14":"product_tag-hi-fi-pl","15":"product_tag-kabel","16":"product_tag-xlr-pl","17":"product_tag-zbalansowany","19":"first","20":"instock","21":"shipping-taxable","22":"purchasable","23":"product-type-simple"},"acf":[],"_links":{"self":[{"href":"https:\/\/chord.co.uk\/pl\/wp-json\/wp\/v2\/product\/15866","targetHints":{"allow":["GET"]}}],"collection":[{"href":"https:\/\/chord.co.uk\/pl\/wp-json\/wp\/v2\/product"}],"about":[{"href":"https:\/\/chord.co.uk\/pl\/wp-json\/wp\/v2\/types\/product"}],"replies":[{"embeddable":true,"href":"https:\/\/chord.co.uk\/pl\/wp-json\/wp\/v2\/comments?post=15866"}],"wp:featuredmedia":[{"embeddable":true,"href":"https:\/\/chord.co.uk\/pl\/wp-json\/wp\/v2\/media\/24742"}],"wp:attachment":[{"href":"https:\/\/chord.co.uk\/pl\/wp-json\/wp\/v2\/media?parent=15866"}],"wp:term":[{"taxonomy":"product_brand","embeddable":true,"href":"https:\/\/chord.co.uk\/pl\/wp-json\/wp\/v2\/product_brand?post=15866"},{"taxonomy":"product_cat","embeddable":true,"href":"https:\/\/chord.co.uk\/pl\/wp-json\/wp\/v2\/product_cat?post=15866"},{"taxonomy":"product_tag","embeddable":true,"href":"https:\/\/chord.co.uk\/pl\/wp-json\/wp\/v2\/product_tag?post=15866"}],"curies":[{"name":"wp","href":"https:\/\/api.w.org\/{rel}","templated":true}]}}