{"id":15867,"date":"2016-11-30T17:13:28","date_gmt":"2016-11-30T17:13:28","guid":{"rendered":"https:\/\/chord.co.uk\/product\/clearway-analogue-din\/"},"modified":"2020-01-21T11:16:25","modified_gmt":"2020-01-21T11:16:25","slug":"clearway-analogue-din","status":"publish","type":"product","link":"https:\/\/chord.co.uk\/pl\/produkt\/clearway-analogue-din\/","title":{"rendered":"Clearway Analogue &#8211; interkonekt DIN"},"content":{"rendered":"<p>Si\u0119gn\u0119li\u015bmy po projekt z serii C-line i zmodernizowali\u015bmy wszystkie materia\u0142y, aby otrzyma\u0107 wyj\u0105tkowy stosunek jako\u015bci do ceny w r\u0119cznie produkowanym, wysokiej jako\u015bci interkonekcie analogowym.<\/p>\n<p>Interkonekt Clearway korzysta z tej samej geometrii ARAY, kt\u00f3r\u0105 po raz pierwszy zastosowali\u015bmy w serii Chord C-line, i poprawili\u015bmy wszystkie materia\u0142y: przewody w geometrii ARAY s\u0105 teraz z grubszej miedzii beztlenowej, izolacja zosta\u0142a zmieniona na FEP, a ekranowanie to dwuwarstwowa konstrukcja z grubej folii.<\/p>\n<p>Zmiany te oznaczaj\u0105, \u017ce Clearway przenosi o wi\u0119cej muzycznych szczeg\u00f3\u0142\u00f3w. Lepsza jest dynamika, instrumenty i g\u0142osy brzmi\u0105 bardziej realistycznie, lepsza jest r\u00f3wnie\u017c definicja d\u017awi\u0119ku. Clearway pozwoli Ci g\u0142\u0119biej i mocniej zaanga\u017cowa\u0107 si\u0119 w muzyk\u0119, kt\u00f3rej s\u0142uchasz. Obecnie kable musz\u0105 by\u0107 lepsze ni\u017c kiedykolwiek wcze\u015bniej, poniewa\u017c na rynku s\u0105 bardzo przyst\u0119pne gramofony i odtwarzacze cyfrowe, kt\u00f3re zapewniaj\u0105 d\u017awi\u0119k o niezwyk\u0142ej sp\u00f3jno\u015bci. Skok w jako\u015bci d\u017awi\u0119ku w ci\u0105gu ostatnich kilku lat by\u0142 niesamowity, zw\u0142aszcza w odniesieniu do ta\u0144szego sprz\u0119tu. Systemy te wymagaj\u0105 nowej generacji kabli, kt\u00f3re musz\u0105 by\u0107 w stanie przenosi\u0107 sygna\u0142 ze sp\u00f3jno\u015bci\u0105, kt\u00f3r\u0105 oferuj\u0105 nowe odtwarzacze cyfrowe i gramofony.<\/p>\n<p>Nie ka\u017cdy kabel nadaje si\u0119 do z\u0142\u0105czy DIN, wi\u0119c jednym z kluczowych obszar\u00f3w podczas projektowania kabla analogowego Clearway by\u0142o to, \u017ce mogli\u015bmy go u\u017cy\u0107 do wysokiej klasy, ekonomicznego kabla DIN na DIN i kabla DIN na RCA.<\/p>\n<p>Sprz\u0119t audio wyposa\u017cony w gniazda DIN to zwykle produkty Naim Audio lub starsze modele marki Quad, a mamy ogromne do\u015bwiadczenie z obydwoma. Kable Clearway Analogue DIN mog\u0105 by\u0107 dostarczane z 4-pinowymi lub 5-pinowymi posrebrzanymi wtyczkami DIN w metalowym z\u0142\u0105czu, w wariancie z tworzywa (Quad) lub Preh z pier\u015bcieniem blokuj\u0105cym (Naim Audio).<\/p>\n<p>Podobnie jak kable Clearway RCA, kable Clearway DIN bazuj\u0105 na tej samej konfiguracji ARAY. Kable DIN na DIN i DIN na RCA przenosz\u0105 sygna\u0142 muzyczny w r\u00f3wnie dobry spos\u00f3b, jak w wersji RCA. Niezale\u017cnie od tego, czy jest to nowy wzmacniacz Naim, czy stary przedwzmacniacz Quad i wzmacniacz mocy, z gniazdami DIN, kable Clearway pozwol\u0105 Ci us\u0142ysze\u0107 wi\u0119cej muzyki.<\/p>\n<p>Standardowa d\u0142ugo\u015b\u0107 kabli Clearway DIN wynosi 1 m. Wiele lat temu ustalili\u015bmy, \u017ce kr\u00f3tsze kable maj\u0105 szkodliwy wp\u0142yw na wzmacniacze Naim Audio. Kable o niestandardowej d\u0142ugo\u015bci nie stanowi\u0105 dla nas problemu.<\/p>\n<p><strong>Certyfikaty Deklaracji W\u0142a\u015bciwo\u015bci U\u017cytkowych (zgodno\u015b\u0107 z CPR) dost\u0119pne tutaj (PDF)<\/strong><\/p>\n","protected":false},"excerpt":{"rendered":"<p>Podobnie jak wersja RCA, kable Clearway DIN na DIN i DIN na RCA bazuj\u0105 na tej samej konfiguracji przewod\u00f3w ARAY, dzi\u0119ki czemu przenosz\u0105 sygna\u0142 muzyczny z r\u00f3wnie wysok\u0105 sp\u00f3jno\u015bci\u0105 i szczeg\u00f3\u0142owo\u015bci\u0105.<\/p>\n","protected":false},"featured_media":24730,"comment_status":"open","ping_status":"closed","template":"","meta":{"_acf_changed":false},"product_brand":[],"product_cat":[2329,2340,2328],"product_tag":[3397,3396,3401,2347,3384,3394,3375,3400,3395,3399,3398],"class_list":{"0":"post-15867","1":"product","2":"type-product","3":"status-publish","4":"has-post-thumbnail","6":"product_cat-analogowe-din","7":"product_cat-clearway-pl","8":"product_cat-interkonekty","9":"product_tag-4-pinowy","10":"product_tag-5-pinowy","11":"product_tag-552-pl","12":"product_tag-chord-company-pl","13":"product_tag-clearway-pl","14":"product_tag-din-pl","15":"product_tag-kabel","16":"product_tag-nac-pl","17":"product_tag-naim-audio-pl","18":"product_tag-preh-pl","19":"product_tag-snaic-pl","21":"first","22":"instock","23":"shipping-taxable","24":"purchasable","25":"product-type-simple"},"acf":[],"_links":{"self":[{"href":"https:\/\/chord.co.uk\/pl\/wp-json\/wp\/v2\/product\/15867","targetHints":{"allow":["GET"]}}],"collection":[{"href":"https:\/\/chord.co.uk\/pl\/wp-json\/wp\/v2\/product"}],"about":[{"href":"https:\/\/chord.co.uk\/pl\/wp-json\/wp\/v2\/types\/product"}],"replies":[{"embeddable":true,"href":"https:\/\/chord.co.uk\/pl\/wp-json\/wp\/v2\/comments?post=15867"}],"wp:featuredmedia":[{"embeddable":true,"href":"https:\/\/chord.co.uk\/pl\/wp-json\/wp\/v2\/media\/24730"}],"wp:attachment":[{"href":"https:\/\/chord.co.uk\/pl\/wp-json\/wp\/v2\/media?parent=15867"}],"wp:term":[{"taxonomy":"product_brand","embeddable":true,"href":"https:\/\/chord.co.uk\/pl\/wp-json\/wp\/v2\/product_brand?post=15867"},{"taxonomy":"product_cat","embeddable":true,"href":"https:\/\/chord.co.uk\/pl\/wp-json\/wp\/v2\/product_cat?post=15867"},{"taxonomy":"product_tag","embeddable":true,"href":"https:\/\/chord.co.uk\/pl\/wp-json\/wp\/v2\/product_tag?post=15867"}],"curies":[{"name":"wp","href":"https:\/\/api.w.org\/{rel}","templated":true}]}}