{"id":15868,"date":"2016-11-30T17:11:46","date_gmt":"2016-11-30T17:11:46","guid":{"rendered":"https:\/\/chord.co.uk\/product\/clearway-analogue-rca\/"},"modified":"2023-02-28T22:43:23","modified_gmt":"2023-02-28T22:43:23","slug":"clearway-analogue-rca","status":"publish","type":"product","link":"https:\/\/chord.co.uk\/pl\/produkt\/clearway-analogue-rca\/","title":{"rendered":"Clearway Analogue RCA"},"content":{"rendered":"<p>Wykonywany r\u0119cznie w Wielkiej Brytanii. \u201eWhat Hi-Fi?\u201d &#8211; zdobywca Nagrody Roku za lata 2017 i 2018 \u2013 w kategorii \u201eNajlepszy analogowy interkonekt 50 \u00a3 +\u201d. \u201eAV Tech Media Awards 2017\/18\u201d w kategorii \u201eNajlepszy interkonekt\u201d.<\/p>\n<p>Jego podstawowy projekt pochodzi z serii C-line. Zosta\u0142 on zmodernizowany tak, aby uzyska\u0107 wyj\u0105tkowy stosunek jako\u015bci do ceny.<\/p>\n<p>Przewodniki w geometrii ARAY s\u0105 teraz wykonane z grubszej miedzi beztlenowej, izolacja zosta\u0142a zmieniona na FEP, a ekranowanie to gruba, dwuwarstwowa folia. Clearway RCA jest wyposa\u017cony w posrebrzane bezpo\u015brednio wtyczki VEE 3 RCA Chord.<\/p>\n<p>Zmiany te oznaczaj\u0105, \u017ce Clearway przenosi wi\u0119cej muzycznych szczeg\u00f3\u0142\u00f3w. Lepsza jest dynamika, instrumenty i g\u0142osy brzmi\u0105 bardziej realistycznie, lepsza jest r\u00f3wnie\u017c definicja i czysto\u015b\u0107 d\u017awi\u0119ku. Clearway pozwoli Ci g\u0142\u0119biej i mocniej zaanga\u017cowa\u0107 si\u0119 w muzyk\u0119, kt\u00f3rej s\u0142uchasz. W tej chwili kable musz\u0105 by\u0107 lepsze ni\u017c kiedykolwiek wcze\u015bniej, poniewa\u017c dost\u0119pne s\u0105 przyst\u0119pne cenowo gramofony i odtwarzacze cyfrowe, kt\u00f3re odtwarzaj\u0105 muzyk\u0119 z wyj\u0105tkow\u0105 sp\u00f3jno\u015bci\u0105. Skok w jako\u015bci brzmienia w ci\u0105gu ostatnich kilku lat by\u0142 niesamowity, zw\u0142aszcza w odniesieniu do ta\u0144szego sprz\u0119tu. Wymagaj\u0105 one nowej generacji kabli, kt\u00f3re musz\u0105 by\u0107 w stanie przenosi\u0107 sygna\u0142 o wyj\u0105tkowej sp\u00f3jno\u015bci, oferowanej przez nowe odtwarzacze cyfrowe i gramofony.<\/p>\n<p>Kable Clearway Analogue RCA s\u0105 standardowo przystosowane do gramofon\u00f3w.<\/p>\n<p>Kabel ten mo\u017ce by\u0107 r\u00f3wnie\u017c dostarczony z wtyczk\u0105 stereo mini-jack do u\u017cytku w systemach przeno\u015bnych itp.<\/p>\n<p>Standardowe d\u0142ugo\u015bci to 1 m i 0,5 m, a poniewa\u017c Clearway jest wbudowany w naszej fabryce, dost\u0119pne s\u0105 tak\u017ce niestandardowe d\u0142ugo\u015bci.<\/p>\n","protected":false},"excerpt":{"rendered":"<p>Wykonywany r\u0119cznie w Wielkiej Brytanii. \u201eWhat Hi-Fi?\u201d &#8211; zdobywca Nagrody Roku za lata 2017 i 2018 \u2013 w kategorii \u201eNajlepszy analogowy interkonekt 50 \u00a3 +\u201d. \u201eAV Tech Media Awards 2017\/18\u201d w kategorii \u201eNajlepszy interkonekt\u201d. Jego podstawowy projekt pochodzi z serii C-line. Zosta\u0142 on zmodernizowany tak, aby uzyska\u0107 wyj\u0105tkowy stosunek jako\u015bci do ceny.<\/p>\n","protected":false},"featured_media":24738,"comment_status":"open","ping_status":"closed","template":"","meta":{"_acf_changed":false},"product_brand":[],"product_cat":[2330,2340,2328],"product_tag":[],"class_list":{"0":"post-15868","1":"product","2":"type-product","3":"status-publish","4":"has-post-thumbnail","6":"product_cat-analogowe-rca","7":"product_cat-clearway-pl","8":"product_cat-interkonekty","10":"first","11":"instock","12":"shipping-taxable","13":"purchasable","14":"product-type-simple"},"acf":[],"_links":{"self":[{"href":"https:\/\/chord.co.uk\/pl\/wp-json\/wp\/v2\/product\/15868","targetHints":{"allow":["GET"]}}],"collection":[{"href":"https:\/\/chord.co.uk\/pl\/wp-json\/wp\/v2\/product"}],"about":[{"href":"https:\/\/chord.co.uk\/pl\/wp-json\/wp\/v2\/types\/product"}],"replies":[{"embeddable":true,"href":"https:\/\/chord.co.uk\/pl\/wp-json\/wp\/v2\/comments?post=15868"}],"wp:featuredmedia":[{"embeddable":true,"href":"https:\/\/chord.co.uk\/pl\/wp-json\/wp\/v2\/media\/24738"}],"wp:attachment":[{"href":"https:\/\/chord.co.uk\/pl\/wp-json\/wp\/v2\/media?parent=15868"}],"wp:term":[{"taxonomy":"product_brand","embeddable":true,"href":"https:\/\/chord.co.uk\/pl\/wp-json\/wp\/v2\/product_brand?post=15868"},{"taxonomy":"product_cat","embeddable":true,"href":"https:\/\/chord.co.uk\/pl\/wp-json\/wp\/v2\/product_cat?post=15868"},{"taxonomy":"product_tag","embeddable":true,"href":"https:\/\/chord.co.uk\/pl\/wp-json\/wp\/v2\/product_tag?post=15868"}],"curies":[{"name":"wp","href":"https:\/\/api.w.org\/{rel}","templated":true}]}}