{"id":15869,"date":"2016-11-30T12:55:05","date_gmt":"2016-11-30T12:55:05","guid":{"rendered":"https:\/\/chord.co.uk\/product\/c-screen-speaker-cable\/"},"modified":"2019-10-24T10:43:16","modified_gmt":"2019-10-24T09:43:16","slug":"c-screen-speaker-cable","status":"publish","type":"product","link":"https:\/\/chord.co.uk\/pl\/produkt\/c-screen-speaker-cable\/","title":{"rendered":"C-screen &#8211; kabel g\u0142o\u015bnikowy"},"content":{"rendered":"<p>C-screen to ekranowany kabel g\u0142o\u015bnikowy przeznaczony zar\u00f3wno do system\u00f3w audio, jak i kina domowego. Do\u0142\u0105cza do nagradzanej linii ekranowanych kabli g\u0142o\u015bnikowych Chord Company, w tym uznanego Clearway i wyj\u0105tkowego kabla g\u0142o\u015bnikowego Signature.<\/p>\n<p>Naszym celem projektowym by\u0142o stworzenie dyskretnego kabla do \u0142atwego monta\u017cu, ze wszystkimi korzy\u015bciami, jakie mo\u017ce zapewni\u0107 ekranowanie. C-screen ma zaledwie 9 mm \u015brednicy i jest wystarczaj\u0105co elastyczny, aby z \u0142atwo\u015bci\u0105 pokonywa\u0107 k\u0105ty pomieszczenia. Wyko\u0144czony jest bia\u0142ym p\u0142aszczem zewn\u0119trznym, chroni\u0105cym ekran, a dzi\u0119ki kt\u00f3remu kabel jest praktycznie niewidocznym przy bia\u0142ych listwach przypod\u0142ogowych.<\/p>\n","protected":false},"excerpt":{"rendered":"<p>C-screen to ekranowany kabel g\u0142o\u015bnikowy przeznaczony zar\u00f3wno do system\u00f3w audio, jak i kina domowego. Do\u0142\u0105cza do nagradzanej linii ekranowanych kabli g\u0142o\u015bnikowych Chord Company, w tym uznanego Clearway i wyj\u0105tkowego kabla g\u0142o\u015bnikowego Signature Reference.<\/p>\n","protected":false},"featured_media":19012,"comment_status":"open","ping_status":"closed","template":"","meta":{"_acf_changed":false},"product_brand":[],"product_cat":[2338,2336],"product_tag":[],"class_list":{"0":"post-15869","1":"product","2":"type-product","3":"status-publish","4":"has-post-thumbnail","6":"product_cat-c-series-pl","7":"product_cat-kable-glosnikowe","9":"first","10":"instock","11":"shipping-taxable","12":"purchasable","13":"product-type-simple"},"acf":[],"_links":{"self":[{"href":"https:\/\/chord.co.uk\/pl\/wp-json\/wp\/v2\/product\/15869","targetHints":{"allow":["GET"]}}],"collection":[{"href":"https:\/\/chord.co.uk\/pl\/wp-json\/wp\/v2\/product"}],"about":[{"href":"https:\/\/chord.co.uk\/pl\/wp-json\/wp\/v2\/types\/product"}],"replies":[{"embeddable":true,"href":"https:\/\/chord.co.uk\/pl\/wp-json\/wp\/v2\/comments?post=15869"}],"wp:featuredmedia":[{"embeddable":true,"href":"https:\/\/chord.co.uk\/pl\/wp-json\/wp\/v2\/media\/19012"}],"wp:attachment":[{"href":"https:\/\/chord.co.uk\/pl\/wp-json\/wp\/v2\/media?parent=15869"}],"wp:term":[{"taxonomy":"product_brand","embeddable":true,"href":"https:\/\/chord.co.uk\/pl\/wp-json\/wp\/v2\/product_brand?post=15869"},{"taxonomy":"product_cat","embeddable":true,"href":"https:\/\/chord.co.uk\/pl\/wp-json\/wp\/v2\/product_cat?post=15869"},{"taxonomy":"product_tag","embeddable":true,"href":"https:\/\/chord.co.uk\/pl\/wp-json\/wp\/v2\/product_tag?post=15869"}],"curies":[{"name":"wp","href":"https:\/\/api.w.org\/{rel}","templated":true}]}}