{"id":15870,"date":"2016-11-30T12:45:06","date_gmt":"2016-11-30T12:45:06","guid":{"rendered":"https:\/\/chord.co.uk\/product\/c-stream-high-performance-digital-streaming-cable\/"},"modified":"2019-10-24T10:47:18","modified_gmt":"2019-10-24T09:47:18","slug":"c-stream-high-performance-digital-streaming-cable","status":"publish","type":"product","link":"https:\/\/chord.co.uk\/pl\/produkt\/c-stream-high-performance-digital-streaming-cable\/","title":{"rendered":"C-stream &#8211; kabel LAN"},"content":{"rendered":"<p>C-stream zaprojektowany zosta\u0142 do streamowania sygna\u0142u audio w systemach audio, kt\u00f3re wymagaj\u0105 kabli ze z\u0142\u0105czami RJ45. W C-stream zastosowano wysokiej jako\u015bci beztlenowe przewody miedziane z izolacj\u0105 z polietylenu o niskiej g\u0119sto\u015bci. Ka\u017cda para przewod\u00f3w jest oddzielnie ekranowana, a pod p\u0142aszczem zewn\u0119trznym t\u0142umi\u0105cym drgania znajduje si\u0119 dodatkowy ekran z folii o du\u017cej g\u0119sto\u015bci.<\/p>\n<p>Wtyczka RJ45 ma poz\u0142acane styki i ma bardzo dobr\u0105 budow\u0119 mechaniczn\u0105, kt\u00f3ra poprawia niezawodno\u015b\u0107. Systemy streamingowe s\u0105 pocz\u0105tkiem rewolucji cyfrowej, a je\u015bli powa\u017cnie my\u015blisz o jako\u015bci s\u0142uchanej muzyki, zwr\u00f3\u0107 uwag\u0119 na stosowane kable. Bardzo wa\u017cne jest ekranowanie \u2013 od razu us\u0142yszysz korzy\u015bci, jakie p\u0142yn\u0105 z jego stosowania.<\/p>\n","protected":false},"excerpt":{"rendered":"<p>Systemy streamingowe s\u0105 pocz\u0105tkiem rewolucji cyfrowej, a je\u015bli powa\u017cnie my\u015blisz o jako\u015bci s\u0142uchanej muzyki, zwr\u00f3\u0107 uwag\u0119 na stosowane kable. Bardzo wa\u017cne jest ekranowanie \u2013 od razu us\u0142yszysz korzy\u015bci, jakie p\u0142yn\u0105 z jego stosowania.<\/p>\n","protected":false},"featured_media":14245,"comment_status":"open","ping_status":"closed","template":"","meta":{"_acf_changed":false},"product_brand":[],"product_cat":[2338,2328,2334],"product_tag":[],"class_list":{"0":"post-15870","1":"product","2":"type-product","3":"status-publish","4":"has-post-thumbnail","6":"product_cat-c-series-pl","7":"product_cat-interkonekty","8":"product_cat-kable-cyfrowe-i-usb","10":"first","11":"instock","12":"shipping-taxable","13":"purchasable","14":"product-type-simple"},"acf":[],"_links":{"self":[{"href":"https:\/\/chord.co.uk\/pl\/wp-json\/wp\/v2\/product\/15870","targetHints":{"allow":["GET"]}}],"collection":[{"href":"https:\/\/chord.co.uk\/pl\/wp-json\/wp\/v2\/product"}],"about":[{"href":"https:\/\/chord.co.uk\/pl\/wp-json\/wp\/v2\/types\/product"}],"replies":[{"embeddable":true,"href":"https:\/\/chord.co.uk\/pl\/wp-json\/wp\/v2\/comments?post=15870"}],"wp:featuredmedia":[{"embeddable":true,"href":"https:\/\/chord.co.uk\/pl\/wp-json\/wp\/v2\/media\/14245"}],"wp:attachment":[{"href":"https:\/\/chord.co.uk\/pl\/wp-json\/wp\/v2\/media?parent=15870"}],"wp:term":[{"taxonomy":"product_brand","embeddable":true,"href":"https:\/\/chord.co.uk\/pl\/wp-json\/wp\/v2\/product_brand?post=15870"},{"taxonomy":"product_cat","embeddable":true,"href":"https:\/\/chord.co.uk\/pl\/wp-json\/wp\/v2\/product_cat?post=15870"},{"taxonomy":"product_tag","embeddable":true,"href":"https:\/\/chord.co.uk\/pl\/wp-json\/wp\/v2\/product_tag?post=15870"}],"curies":[{"name":"wp","href":"https:\/\/api.w.org\/{rel}","templated":true}]}}