{"id":15871,"date":"2016-11-29T12:26:16","date_gmt":"2016-11-29T12:26:16","guid":{"rendered":"https:\/\/chord.co.uk\/product\/c-lite-digital-optical-audio-interconnect\/"},"modified":"2019-10-24T10:51:04","modified_gmt":"2019-10-24T09:51:04","slug":"c-lite-digital-optical-audio-interconnect","status":"publish","type":"product","link":"https:\/\/chord.co.uk\/pl\/produkt\/c-lite-digital-optical-audio-interconnect\/","title":{"rendered":"C-lite &#8211; cyfrowy kabel optyczny"},"content":{"rendered":"<p>Kabel optyczny Chord C-lite to oryginalny projekt firmy Chord. C-lite jest dost\u0119pny w r\u00f3\u017cnych d\u0142ugo\u015bciach i wyposa\u017cony jest we wtyki optyczne Toslink i mini-jack. Oznacza to, \u017ce mo\u017cna go pod\u0142\u0105czy\u0107 do wielu miniaturowych przetwornik\u00f3w D\/A i odtwarzaczy DAP, bez konieczno\u015bci korzystania z przej\u015bci\u00f3wki degraduj\u0105ce sygna\u0142.<\/p>\n<p>Chord C-lite oparty jest na szerokopasmowym kablu optycznym PMA, kt\u00f3rego ko\u0144ce zosta\u0142y wypolerowane w celu zwi\u0119kszenia przepustowo\u015bci.<\/p>\n<p>Centralny przewodnik jest chroniony wewn\u0119trznym p\u0142aszczem z mi\u0119kkiego PVC, kt\u00f3ry jest nast\u0119pnie pokrywany p\u0142aszczem zewn\u0119trznym z twardego PVC. Pomaga to zapobiec uszkodzeniom spowodowanym zgnieceniem, a kabel jest wystarczaj\u0105co elastyczny, aby mo\u017cna go by\u0142o zgi\u0105\u0107 bez wp\u0142ywu przesy\u0142 sygna\u0142u.<\/p>\n<p>Chord C-lite jest dost\u0119pny w d\u0142ugo\u015bciach 1 m, 2 m, 3 m, 5 m, 8 m i 10 m, zar\u00f3wno w konfiguracji Toslink do Toslink, jak i mini-jack do Toslink.<\/p>\n<p>W przypadku urz\u0105dze\u0144 przeno\u015bnych C-lite jest dost\u0119pny w d\u0142ugo\u015bciach 15 cm i 30 cm, w konfiguracjach Toslink do mini-jack i mini-jack do mini-jack.<\/p>\n","protected":false},"excerpt":{"rendered":"<p>Kable optyczne wysokiej jako\u015bci zaprojektowane dla ka\u017cdego domowego lub przeno\u015bnego systemu ze z\u0142\u0105czami Toslink i\/lub mini-jack. Dost\u0119pny w por\u0119cznych d\u0142ugo\u015bciach od 0,15 m do 10 m.<\/p>\n","protected":false},"featured_media":14247,"comment_status":"open","ping_status":"closed","template":"","meta":{"_acf_changed":false},"product_brand":[],"product_cat":[2338,2328,2334],"product_tag":[],"class_list":{"0":"post-15871","1":"product","2":"type-product","3":"status-publish","4":"has-post-thumbnail","6":"product_cat-c-series-pl","7":"product_cat-interkonekty","8":"product_cat-kable-cyfrowe-i-usb","10":"first","11":"instock","12":"shipping-taxable","13":"purchasable","14":"product-type-simple"},"acf":[],"_links":{"self":[{"href":"https:\/\/chord.co.uk\/pl\/wp-json\/wp\/v2\/product\/15871","targetHints":{"allow":["GET"]}}],"collection":[{"href":"https:\/\/chord.co.uk\/pl\/wp-json\/wp\/v2\/product"}],"about":[{"href":"https:\/\/chord.co.uk\/pl\/wp-json\/wp\/v2\/types\/product"}],"replies":[{"embeddable":true,"href":"https:\/\/chord.co.uk\/pl\/wp-json\/wp\/v2\/comments?post=15871"}],"wp:featuredmedia":[{"embeddable":true,"href":"https:\/\/chord.co.uk\/pl\/wp-json\/wp\/v2\/media\/14247"}],"wp:attachment":[{"href":"https:\/\/chord.co.uk\/pl\/wp-json\/wp\/v2\/media?parent=15871"}],"wp:term":[{"taxonomy":"product_brand","embeddable":true,"href":"https:\/\/chord.co.uk\/pl\/wp-json\/wp\/v2\/product_brand?post=15871"},{"taxonomy":"product_cat","embeddable":true,"href":"https:\/\/chord.co.uk\/pl\/wp-json\/wp\/v2\/product_cat?post=15871"},{"taxonomy":"product_tag","embeddable":true,"href":"https:\/\/chord.co.uk\/pl\/wp-json\/wp\/v2\/product_tag?post=15871"}],"curies":[{"name":"wp","href":"https:\/\/api.w.org\/{rel}","templated":true}]}}