{"id":15872,"date":"2016-11-29T12:08:12","date_gmt":"2016-11-29T12:08:12","guid":{"rendered":"https:\/\/chord.co.uk\/product\/c-usb-high-performance-digital-audio-interconnect-silver-plated-conductors\/"},"modified":"2019-10-24T10:56:39","modified_gmt":"2019-10-24T09:56:39","slug":"c-usb-high-performance-digital-audio-interconnect-silver-plated-conductors","status":"publish","type":"product","link":"https:\/\/chord.co.uk\/pl\/produkt\/c-usb-high-performance-digital-audio-interconnect-silver-plated-conductors\/","title":{"rendered":"C-USB &#8211; interkonekt cyfrowy USB"},"content":{"rendered":"<p>Wygl\u0105da na to, \u017ce pod\u0142\u0105czenie komputera do przetwornika cyfrowo-analogowego staje si\u0119 coraz bardziej popularnym sposobem s\u0142uchania muzyki. Istnieje wiele przetwornik\u00f3w zbudowanych specjalnie do tego celu. Pod\u0142\u0105czenie laptopa do przetwornika cyfrowo-analogowego za pomoc\u0105 kabla USB to prosty spos\u00f3b na rozpocz\u0119cie korzystania z serwisu streamingowego, takiego jak jak Spotify lub Tidal. C-USB b\u0119dzie \u015bwietnym punktem wyj\u015bcia do takiego systemu.<\/p>\n<p>Por\u00f3wnywanie r\u00f3\u017cnych kabli USB jest bardzo podobne do por\u00f3wnywania innych kabli audio. R\u00f3\u017cnice s\u0105 bardzo \u0142atwe do us\u0142yszenia. Wybierz utw\u00f3r, kt\u00f3ry dobrze znasz, pos\u0142uchaj go za pomoc\u0105 standardowego kabla USB, a nast\u0119pnie z C-USB. Detale b\u0119d\u0105 wyra\u017aniejsze, g\u0142osy bardziej naturalne, a muzyka b\u0119dzie brzmie\u0107 w bardziej sp\u00f3jny spos\u00f3b.<\/p>\n<p>Rozumiemy teori\u0119 sugeruj\u0105c\u0105, \u017ce te kable nie powinny mie\u0107 \u017cadnego wp\u0142ywu na d\u017awi\u0119k, ale nie proponowaliby\u015bmy kabla, kt\u00f3ry nie oferowa\u0142by lepszego d\u017awi\u0119ku. Nie wierzcie nam jednak pa\u0144stwo na s\u0142owo. Dealerzy firmy Chord Company pozwol\u0105 wam wypr\u00f3bowa\u0107 kabel w waszym systemie.<\/p>\n<p>Ci\u0119\u017ckie, beztlenowe, posrebrzane przewodniki. Niskostratna, spieniona gazem izolacja z polietylenu. Konfiguracja typu skr\u0119tka. Dwuwarstwowe ekranowanie o szerokim pa\u015bmie t\u0142umienia. Poz\u0142acane styki zasilaj\u0105ce i sygna\u0142owe.<\/p>\n<p>Dost\u0119pne w d\u0142ugo\u015bciach 0,75 m, 1,5 m, 3 m i 5 m.<\/p>\n<p>Konstrukcja C-USB to ulepszona wersja wielokrotnie nagradzanego kabla Chord Company USB Silver Plus.<\/p>\n","protected":false},"excerpt":{"rendered":"<p>Rozumiemy teori\u0119 sugeruj\u0105c\u0105, \u017ce te kable nie powinny mie\u0107 \u017cadnego wp\u0142ywu na d\u017awi\u0119k, ale nie proponowaliby\u015bmy kabla, kt\u00f3ry nie oferowa\u0142by lepszego d\u017awi\u0119ku. Nie wierzcie nam jednak pa\u0144stwo na s\u0142owo. Dealerzy firmy Chord Company pozwol\u0105 wam wypr\u00f3bowa\u0107 kabel w waszym systemie.<\/p>\n","protected":false},"featured_media":26643,"comment_status":"open","ping_status":"closed","template":"","meta":{"_acf_changed":false},"product_brand":[],"product_cat":[2338,2328,2334],"product_tag":[],"class_list":{"0":"post-15872","1":"product","2":"type-product","3":"status-publish","4":"has-post-thumbnail","6":"product_cat-c-series-pl","7":"product_cat-interkonekty","8":"product_cat-kable-cyfrowe-i-usb","10":"first","11":"instock","12":"shipping-taxable","13":"purchasable","14":"product-type-simple"},"acf":[],"_links":{"self":[{"href":"https:\/\/chord.co.uk\/pl\/wp-json\/wp\/v2\/product\/15872","targetHints":{"allow":["GET"]}}],"collection":[{"href":"https:\/\/chord.co.uk\/pl\/wp-json\/wp\/v2\/product"}],"about":[{"href":"https:\/\/chord.co.uk\/pl\/wp-json\/wp\/v2\/types\/product"}],"replies":[{"embeddable":true,"href":"https:\/\/chord.co.uk\/pl\/wp-json\/wp\/v2\/comments?post=15872"}],"wp:featuredmedia":[{"embeddable":true,"href":"https:\/\/chord.co.uk\/pl\/wp-json\/wp\/v2\/media\/26643"}],"wp:attachment":[{"href":"https:\/\/chord.co.uk\/pl\/wp-json\/wp\/v2\/media?parent=15872"}],"wp:term":[{"taxonomy":"product_brand","embeddable":true,"href":"https:\/\/chord.co.uk\/pl\/wp-json\/wp\/v2\/product_brand?post=15872"},{"taxonomy":"product_cat","embeddable":true,"href":"https:\/\/chord.co.uk\/pl\/wp-json\/wp\/v2\/product_cat?post=15872"},{"taxonomy":"product_tag","embeddable":true,"href":"https:\/\/chord.co.uk\/pl\/wp-json\/wp\/v2\/product_tag?post=15872"}],"curies":[{"name":"wp","href":"https:\/\/api.w.org\/{rel}","templated":true}]}}