{"id":15873,"date":"2016-11-29T12:04:15","date_gmt":"2016-11-29T12:04:15","guid":{"rendered":"https:\/\/chord.co.uk\/product\/c-view-ultra-slim-high-speed-hdmi-cable-ethernet\/"},"modified":"2019-10-24T11:01:51","modified_gmt":"2019-10-24T10:01:51","slug":"c-view-ultra-slim-high-speed-hdmi-cable-ethernet","status":"publish","type":"product","link":"https:\/\/chord.co.uk\/pl\/produkt\/c-view-ultra-slim-high-speed-hdmi-cable-ethernet\/","title":{"rendered":"C-view &#8211; kabel HDMI z Ethernetem"},"content":{"rendered":"<p>Oferujemy wysokiej klasy kable HDMI od oko\u0142o 12 lat. Wiemy, \u017ce jako\u015b\u0107 ekranowania i przewod\u00f3w odgrywa du\u017c\u0105 rol\u0119 w jako\u015bci sygna\u0142u obrazu i d\u017awi\u0119ku. Przez lata zdobyli\u015bmy wiele nagr\u00f3d za nasze kable HDMI &#8211; od oryginalnego HDMI 1.1 do najnowszych wersji hi-speed.<\/p>\n<p>C-view to zupe\u0142nie nowa konstrukcja z posrebrzanymi przewodnikami i skutecznym ekranowaniem o szerokim pa\u015bmie t\u0142umienia, kt\u00f3ry pasuje do nowoczesnych, cieniutkich telewizor\u00f3w, g\u0142\u00f3wnie ze wzgl\u0119du na ograniczenia narzucane przez monta\u017c na \u015bcianie. Kable HDMI o d\u0142ugo\u015bciach 0,75, 1,5, 2 i 3 metry zosta\u0142y zaprojektowane, jak najlepsze kable HDMI, przy jednoczesnym zachowaniu specyfikacji high-speed dla telewizor\u00f3w i \u017ar\u00f3de\u0142 4K. Niezwykle smuk\u0142y, z now\u0105 wtyczk\u0105 o mniejszej d\u0142ugo\u015bci, HDMI C-view idealnie r\u00f3wnowa\u017cy wygod\u0119 i jako\u015b\u0107.<\/p>\n<p>Kabel HDMI high-speed zgodny z 1080p 3D<\/p>\n<p>Obs\u0142uguje telewizj\u0119 4K i deep colour<\/p>\n<p>Powr\u00f3t Ethernet\/audio<\/p>\n<p>Obs\u0142uguje wszystkie formaty audio HDMI<\/p>\n<p>Odlewana, poz\u0142acana wtyczka<\/p>\n<p>Posrebrzane miedziane przewody sygna\u0142owe z miedzi OFC<\/p>\n<p>Przeprojektowana wtyczka HDMI o mniejszej d\u0142ugo\u015bci umo\u017cliwia \u0142atwe po\u0142\u0105czenie do ekran\u00f3w na\u015bciennych<\/p>\n<p>Dost\u0119pne r\u00f3wnie\u017c w d\u0142ugo\u015bciach 5, 8 i 10 metr\u00f3w z przewodami o wi\u0119kszej \u015brednicy (\u015brednica zewn\u0119trzna 8 mm). Ekranowane, posrebrzane przewodniki 26 AWG dla wszystkich krytycznych \u015bcie\u017cek sygna\u0142owych.<\/p>\n","protected":false},"excerpt":{"rendered":"<p>Oferujemy wysokiej klasy kable HDMI od oko\u0142o 12 lat. Wiemy, \u017ce jako\u015b\u0107 ekranowania i przewod\u00f3w odgrywa du\u017c\u0105 rol\u0119 w jako\u015bci sygna\u0142u obrazu i d\u017awi\u0119ku.<\/p>\n","protected":false},"featured_media":14251,"comment_status":"open","ping_status":"closed","template":"","meta":{"_acf_changed":false},"product_brand":[],"product_cat":[2338,2327],"product_tag":[],"class_list":{"0":"post-15873","1":"product","2":"type-product","3":"status-publish","4":"has-post-thumbnail","6":"product_cat-c-series-pl","7":"product_cat-kable-do-kina-domowego-i-hdmi","9":"first","10":"instock","11":"shipping-taxable","12":"purchasable","13":"product-type-simple"},"acf":[],"_links":{"self":[{"href":"https:\/\/chord.co.uk\/pl\/wp-json\/wp\/v2\/product\/15873","targetHints":{"allow":["GET"]}}],"collection":[{"href":"https:\/\/chord.co.uk\/pl\/wp-json\/wp\/v2\/product"}],"about":[{"href":"https:\/\/chord.co.uk\/pl\/wp-json\/wp\/v2\/types\/product"}],"replies":[{"embeddable":true,"href":"https:\/\/chord.co.uk\/pl\/wp-json\/wp\/v2\/comments?post=15873"}],"wp:featuredmedia":[{"embeddable":true,"href":"https:\/\/chord.co.uk\/pl\/wp-json\/wp\/v2\/media\/14251"}],"wp:attachment":[{"href":"https:\/\/chord.co.uk\/pl\/wp-json\/wp\/v2\/media?parent=15873"}],"wp:term":[{"taxonomy":"product_brand","embeddable":true,"href":"https:\/\/chord.co.uk\/pl\/wp-json\/wp\/v2\/product_brand?post=15873"},{"taxonomy":"product_cat","embeddable":true,"href":"https:\/\/chord.co.uk\/pl\/wp-json\/wp\/v2\/product_cat?post=15873"},{"taxonomy":"product_tag","embeddable":true,"href":"https:\/\/chord.co.uk\/pl\/wp-json\/wp\/v2\/product_tag?post=15873"}],"curies":[{"name":"wp","href":"https:\/\/api.w.org\/{rel}","templated":true}]}}