{"id":15875,"date":"2016-11-29T11:57:35","date_gmt":"2016-11-29T11:57:35","guid":{"rendered":"https:\/\/chord.co.uk\/product\/c-digital-digital-audio-interconnect\/"},"modified":"2019-10-24T11:12:19","modified_gmt":"2019-10-24T10:12:19","slug":"c-digital-digital-audio-interconnect","status":"publish","type":"product","link":"https:\/\/chord.co.uk\/pl\/produkt\/c-digital-digital-audio-interconnect\/","title":{"rendered":"C-digital &#8211; interkonekt cyfrowy"},"content":{"rendered":"<p>C-digital zosta\u0142 opracowany, aby\u015b m\u00f3g\u0142 us\u0142ysze\u0107, jak dobre brzmi\u0105 niekt\u00f3re ta\u0144sze przetworniki cyfrowo-analogowe. Konfiguracja przewod\u00f3w Tuned ARAY opracowana zosta\u0142a aby poprawi\u0107 brzmienie kabli cyfrowych i jej zalety s\u0105 \u0142atwe do wychwycenia. Projekt ARAY C-digital pozwoli us\u0142ysze\u0107, co naprawd\u0119 potrafi Tw\u00f3j system.<\/p>\n<p>Geometria ARAY, beztlenowe przewody miedziane. Ekran z folii o wysokiej g\u0119sto\u015bci. Unikalna, poz\u0142acana wtyczka RCA poprawia transfer sygna\u0142u. Odlewana obudowa wtyku zapewnia wysok\u0105 niezawodno\u015b\u0107 i zerow\u0105 kompresj\u0119 przewodu.<\/p>\n<p>Chord C-digital zosta\u0142 zaprojektowany do wsp\u00f3\u0142pracy ze wszystkimi komponentami wyposa\u017conymi w koncentryczne wyj\u015bcie cyfrowe: odtwarzaczami CD, strumieniowymi, DVD, BD i innymi komponentami z wyj\u015bciem cyfrowym.<\/p>\n<p>Dost\u0119pne w d\u0142ugo\u015bciach 0,5 m i 1 m.<\/p>\n","protected":false},"excerpt":{"rendered":"<p>C-digital zosta\u0142 opracowany, aby\u015b m\u00f3g\u0142 us\u0142ysze\u0107, jak dobre brzmi\u0105 niekt\u00f3re ta\u0144sze przetworniki cyfrowo-analogowe.<\/p>\n","protected":false},"featured_media":21255,"comment_status":"open","ping_status":"closed","template":"","meta":{"_acf_changed":false},"product_brand":[],"product_cat":[2338,2328,2334],"product_tag":[],"class_list":{"0":"post-15875","1":"product","2":"type-product","3":"status-publish","4":"has-post-thumbnail","6":"product_cat-c-series-pl","7":"product_cat-interkonekty","8":"product_cat-kable-cyfrowe-i-usb","10":"first","11":"instock","12":"shipping-taxable","13":"purchasable","14":"product-type-simple"},"acf":[],"_links":{"self":[{"href":"https:\/\/chord.co.uk\/pl\/wp-json\/wp\/v2\/product\/15875","targetHints":{"allow":["GET"]}}],"collection":[{"href":"https:\/\/chord.co.uk\/pl\/wp-json\/wp\/v2\/product"}],"about":[{"href":"https:\/\/chord.co.uk\/pl\/wp-json\/wp\/v2\/types\/product"}],"replies":[{"embeddable":true,"href":"https:\/\/chord.co.uk\/pl\/wp-json\/wp\/v2\/comments?post=15875"}],"wp:featuredmedia":[{"embeddable":true,"href":"https:\/\/chord.co.uk\/pl\/wp-json\/wp\/v2\/media\/21255"}],"wp:attachment":[{"href":"https:\/\/chord.co.uk\/pl\/wp-json\/wp\/v2\/media?parent=15875"}],"wp:term":[{"taxonomy":"product_brand","embeddable":true,"href":"https:\/\/chord.co.uk\/pl\/wp-json\/wp\/v2\/product_brand?post=15875"},{"taxonomy":"product_cat","embeddable":true,"href":"https:\/\/chord.co.uk\/pl\/wp-json\/wp\/v2\/product_cat?post=15875"},{"taxonomy":"product_tag","embeddable":true,"href":"https:\/\/chord.co.uk\/pl\/wp-json\/wp\/v2\/product_tag?post=15875"}],"curies":[{"name":"wp","href":"https:\/\/api.w.org\/{rel}","templated":true}]}}