{"id":15876,"date":"2016-11-28T17:08:12","date_gmt":"2016-11-28T17:08:12","guid":{"rendered":"https:\/\/chord.co.uk\/product\/c-line-high-performance-analogue-audio-interconnect\/"},"modified":"2019-10-17T11:18:04","modified_gmt":"2019-10-17T10:18:04","slug":"c-line-high-performance-analogue-audio-interconnect","status":"publish","type":"product","link":"https:\/\/chord.co.uk\/pl\/produkt\/c-line-high-performance-analogue-audio-interconnect\/","title":{"rendered":"C-line Analogue RCA"},"content":{"rendered":"<p>Oryginalny projekt firmy Chord, zbudowany specjalnie dla nas. Potrzebowali\u015bmy dobrze brzmi\u0105cego kabla w przyst\u0119pnej cenie, kt\u00f3ry by nadal spe\u0142nia\u0142 nasze rygorystyczne standardy. \u201eWhat Hi-Fi?\u201d \u2013 Laureat nagrody za lata 2015, 2016 i 2017 \u2013 wygl\u0105da na to, \u017ce nam si\u0119 uda\u0142o!<\/p>\n<p>Geometria ARAY zosta\u0142a opracowana na podstawie konstrukcji Tuned ARAY zastosowanej po raz pierwszy w naszej sztandarowej serii Chord Sarum. Nowa wtyczka RCA wykorzystuje ten sam proces bezpo\u015bredniego poz\u0142acania wzmacniaj\u0105cy sygna\u0142, kt\u00f3ry stosujemy w naszych wtyczkach RCA Chord VEE3.<\/p>\n<p>Najwa\u017cniejszy pow\u00f3d opracowania tego kabla zwi\u0105zany jest z coraz wy\u017csz\u0105 jako\u015bci\u0105 odtwarzaczy cyfrowych i gramofon\u00f3w w przyst\u0119pnej cenie. Potrzebowali\u015bmy kabla dopasowanego do ich klasy. Produkcja kabli, kt\u00f3re w koherentny spos\u00f3b przenosz\u0105 sygna\u0142 muzyczny jest du\u017cym wyzwaniem i jeste\u015bmy niezwykle dumni z interkonekt\u00f3w C-line.<\/p>\n<p>Geometria ARAY, wielo\u017cy\u0142owe przewody miedziane. Ekrany z folii o wysokiej g\u0119sto\u015bci, zmniejszaj\u0105ce straty sygna\u0142u spowodowane zak\u0142\u00f3ceniami o wysokiej cz\u0119stotliwo\u015bci. Unikalny proces poz\u0142acania wtyk\u00f3w RCA poprawia transfer sygna\u0142u. Nadlewana obudowa wtyczki zapewnia niezawodne po\u0142\u0105czenie.<\/p>\n<p>Chord C-line zosta\u0142 zaprojektowany do wsp\u00f3\u0142pracy ze wszystkimi komponentami liniowymi, odtwarzaczami CD, odtwarzaczami strumieniowymi, odtwarzaczami DVD i BD, wzmacniaczami kina domowego, tunerami, przedwzmacniaczami gramofonowymi. Mo\u017cna go tak\u017ce u\u017cywa\u0107 z gramofonami wyposa\u017conymi w wyj\u015bcia RCA. Dost\u0119pne w d\u0142ugo\u015bciach 0,5 m, 1 m, 2 m i 3 m.<\/p>\n","protected":false},"excerpt":{"rendered":"<p>Oryginalny projekt firmy Chord, zbudowany specjalnie dla nas. Potrzebowali\u015bmy dobrze brzmi\u0105cego kabla w przyst\u0119pnej cenie, kt\u00f3ry by nadal spe\u0142nia\u0142 nasze rygorystyczne standardy. \u201eWhat Hi-Fi?\u201d \u2013 Laureat nagrody za lata 2015, 2016 i 2017, wi\u0119c wygl\u0105da na to, \u017ce nam si\u0119 uda\u0142o!<\/p>\n","protected":false},"featured_media":19016,"comment_status":"open","ping_status":"closed","template":"","meta":{"_acf_changed":false},"product_brand":[],"product_cat":[2330,2338,2328],"product_tag":[],"class_list":{"0":"post-15876","1":"product","2":"type-product","3":"status-publish","4":"has-post-thumbnail","6":"product_cat-analogowe-rca","7":"product_cat-c-series-pl","8":"product_cat-interkonekty","10":"first","11":"instock","12":"shipping-taxable","13":"purchasable","14":"product-type-simple"},"acf":[],"_links":{"self":[{"href":"https:\/\/chord.co.uk\/pl\/wp-json\/wp\/v2\/product\/15876","targetHints":{"allow":["GET"]}}],"collection":[{"href":"https:\/\/chord.co.uk\/pl\/wp-json\/wp\/v2\/product"}],"about":[{"href":"https:\/\/chord.co.uk\/pl\/wp-json\/wp\/v2\/types\/product"}],"replies":[{"embeddable":true,"href":"https:\/\/chord.co.uk\/pl\/wp-json\/wp\/v2\/comments?post=15876"}],"wp:featuredmedia":[{"embeddable":true,"href":"https:\/\/chord.co.uk\/pl\/wp-json\/wp\/v2\/media\/19016"}],"wp:attachment":[{"href":"https:\/\/chord.co.uk\/pl\/wp-json\/wp\/v2\/media?parent=15876"}],"wp:term":[{"taxonomy":"product_brand","embeddable":true,"href":"https:\/\/chord.co.uk\/pl\/wp-json\/wp\/v2\/product_brand?post=15876"},{"taxonomy":"product_cat","embeddable":true,"href":"https:\/\/chord.co.uk\/pl\/wp-json\/wp\/v2\/product_cat?post=15876"},{"taxonomy":"product_tag","embeddable":true,"href":"https:\/\/chord.co.uk\/pl\/wp-json\/wp\/v2\/product_tag?post=15876"}],"curies":[{"name":"wp","href":"https:\/\/api.w.org\/{rel}","templated":true}]}}